{"id":3722,"date":"2020-09-22T10:58:17","date_gmt":"2020-09-22T13:58:17","guid":{"rendered":"https:\/\/cibersale.com.br\/?page_id=3722"},"modified":"2020-09-22T11:01:57","modified_gmt":"2020-09-22T14:01:57","slug":"lappartement-recanto-do-sol-un-coin-du-soleil-pres-de-la-mer","status":"publish","type":"page","link":"https:\/\/cibersale.com.br\/fr\/lappartement-recanto-do-sol-un-coin-du-soleil-pres-de-la-mer\/","title":{"rendered":"L&rsquo;appartement Recanto do Sol, un coin du soleil,  pr\u00e9s de la mer"},"content":{"rendered":"<p>C&rsquo;est un nouvel appartement, pour six personnes, tr\u00e8s lumineux de \u00b1 70 m\u00b2,\u00a0\u00e0 trois p\u00e2t\u00e9s de maisons de la mer \u00e0 la plage <strong>Praia dos Ingleses<\/strong>, \u00e1 INGLESES NORTE (nord), c\u2019est-\u00e0-dire la zone nobre du quartier.<br \/>\nDeux chambres avec air conditionn\u00e9, deux salles de bains, une chambre double lit box avec salle de bain en suite, l&rsquo;autre chambre aussi double lit. Deuxi\u00e8me salle de bain dans le couloir.<br \/>\nCompte aussi avec cuisine &#8211; salle \u00e0 manger, r\u00e9frig\u00e9rateur, micro-ondes, machine \u00e0 laver, balcon avec grill, TV, Wi-Fi gratuit. L&rsquo;appartement dispose d&rsquo;un parking couvert pour voiture ou pick-up aussi.<\/p>\n<p>C&rsquo;est dans un b\u00e2timent priv\u00e9 et l&rsquo;appartement est situ\u00e9 au premier \u00e9tage par des escaliers.<\/p>\n<p><img loading=\"lazy\" class=\"wp-image-3187 size-large\" style=\"text-align: center;\" src=\"https:\/\/cibersale.com.br\/wp-content\/uploads\/Cibersale_2017_PraiaDosIngleses_RecantoDoSol_Depto_2_dorm_2_banos_8-1024x686.jpg\" alt=\"Recanto do Sol 590 Playa de los Ingleses Florian\u00f3polis - Brasil\" width=\"700\" height=\"469\" srcset=\"https:\/\/cibersale.com.br\/wp-content\/uploads\/Cibersale_2017_PraiaDosIngleses_RecantoDoSol_Depto_2_dorm_2_banos_8-1024x686.jpg 1024w, https:\/\/cibersale.com.br\/wp-content\/uploads\/Cibersale_2017_PraiaDosIngleses_RecantoDoSol_Depto_2_dorm_2_banos_8-300x201.jpg 300w, https:\/\/cibersale.com.br\/wp-content\/uploads\/Cibersale_2017_PraiaDosIngleses_RecantoDoSol_Depto_2_dorm_2_banos_8-768x514.jpg 768w, https:\/\/cibersale.com.br\/wp-content\/uploads\/Cibersale_2017_PraiaDosIngleses_RecantoDoSol_Depto_2_dorm_2_banos_8-700x469.jpg 700w, https:\/\/cibersale.com.br\/wp-content\/uploads\/Cibersale_2017_PraiaDosIngleses_RecantoDoSol_Depto_2_dorm_2_banos_8-533x357.jpg 533w, https:\/\/cibersale.com.br\/wp-content\/uploads\/Cibersale_2017_PraiaDosIngleses_RecantoDoSol_Depto_2_dorm_2_banos_8-721x483.jpg 721w, https:\/\/cibersale.com.br\/wp-content\/uploads\/Cibersale_2017_PraiaDosIngleses_RecantoDoSol_Depto_2_dorm_2_banos_8.jpg 1250w\" sizes=\"(max-width: 700px) 100vw, 700px\" \/><\/p>\n<p>Recanto do Sol 590 Praia dos Ingleses Florian\u00f3polis &#8211; Brasil<img loading=\"lazy\" class=\"aligncenter size-full wp-image-3021\" src=\"https:\/\/cibersale.com.br\/wp-content\/uploads\/Cibersale2017_PlayaDeLosIngleses_RECANTO203cbsGOPR4393.jpg\" alt=\"cibersale2017_playadelosingleses_recanto203cbsgopr4393\" width=\"800\" height=\"600\" srcset=\"https:\/\/cibersale.com.br\/wp-content\/uploads\/Cibersale2017_PlayaDeLosIngleses_RECANTO203cbsGOPR4393.jpg 800w, https:\/\/cibersale.com.br\/wp-content\/uploads\/Cibersale2017_PlayaDeLosIngleses_RECANTO203cbsGOPR4393-300x225.jpg 300w, https:\/\/cibersale.com.br\/wp-content\/uploads\/Cibersale2017_PlayaDeLosIngleses_RECANTO203cbsGOPR4393-768x576.jpg 768w, https:\/\/cibersale.com.br\/wp-content\/uploads\/Cibersale2017_PlayaDeLosIngleses_RECANTO203cbsGOPR4393-700x525.jpg 700w, https:\/\/cibersale.com.br\/wp-content\/uploads\/Cibersale2017_PlayaDeLosIngleses_RECANTO203cbsGOPR4393-476x357.jpg 476w, https:\/\/cibersale.com.br\/wp-content\/uploads\/Cibersale2017_PlayaDeLosIngleses_RECANTO203cbsGOPR4393-644x483.jpg 644w\" sizes=\"(max-width: 800px) 100vw, 800px\" \/><br \/>\nLa rue Recanto do Sol, m\u00e8ne directement \u00e0 la mer \u00e0 seulement trois p\u00e2t\u00e9s de maisons de l&rsquo;appartement.<\/p>\n<p><img loading=\"lazy\" class=\"aligncenter size-full wp-image-3032\" src=\"https:\/\/cibersale.com.br\/wp-content\/uploads\/Cibersale_2017_PraiaDosIngleses_RecantoDoSol_Depto_2_dorm_2_banos_21.jpg\" alt=\"cibersale2017_playadelosingleses_recanto203cbsg0054572\" width=\"800\" height=\"600\" \/><\/p>\n<style>\n\n  .cib-cal-table .calendar-header {\n    color: #fff;\n    background-color: #006699;\n    border: 1px solid #006699;\n    border-radius: 3px;\n    height: 20px;\n  }\n\n\n\n  .cib-cal-table {\n    margin: 0 auto;\n  }\n\n  .cib-cal-table, .cib-cal-table .month-table {\n    border-collapse: separate;\n    border-spacing: 2px;\n  }\n\n  .cib-cal-table th, .cib-cal-table td {\n    text-align: center;\n  }\n\n  .cib-cal-table .header .accommodation {\n    border-bottom: 2px dotted #333;\n    color: #333;\n    text-align: left;\n  }\n\n  \/* months *\/\n  .cib-cal-table .month {\n    padding: 3px;\n    \/*width: 200px;*\/\n    background-color: white;\n    border-radius: 3px;\n    \/*float: left;*\/\n    border: 2px solid white;\n  }\n\n  .cib-cal-table .this-month {\n    border: 2px dotted #006699;\n  }\n\n  .cib-cal-table .month table {\n    width: 100%;\n\n  }\n\n  \/* DAYS & STATUS *\/\n  .cib-cal-table .day {\n    border-radius: 4px;\n    height: 20px;\n    width: 23px;\n    background-color: #DDD;\n    border: 1px solid #CCC;\n    color: #000;\n\n    padding: 0;\n  }\n\n  .cib-cal-table .empty {\n    background-color: #eee;\n    border: 1px solid #EEE;\n    color: #ccc;\n  }\n\n  @media print {\n    .cib-cal-table .header .owner {\n      background-color: transparent;\n      border: 2px solid #006699;\n      color: #006699;\n    }\n    .cib-cal-table .header .property {\n      background-color: transparent;\n      border: 2px solid #ff6600;\n      color: #ff6600;\n    }\n    .cib-cal-table .day, .cib-cal-table .empty {\n      background-color: transparent;\n    }\n\n    .cib-cal-table .calendar-header {\n      background-color: transparent;;\n      color: #006699;\n    }\n  }\n\n  .cib-cal-table .today {\n    border: 1px dotted #006699;\n  }\n\n  .cib-cal-table .booked, .cib-cal-table .completed {\n    background-color: #FF0000;\n  }\n\n  .cib-cal-table .booked-cibersale, .cib-cal-table .completed-cibersale {\n    background-color: #3B1675;\n  }\n\n  .cib-cal-table .prebooked {\n    background-color: #00ff00;\n    background: repeating-linear-gradient( 45deg, white, white 6px, #00ff00 6px, #00ff00 12px);\n  }\n\n  .cib-cal-table .prebooked-cibersale {\n    background-color: #3399CC;\n    background: repeating-linear-gradient( 45deg, white, white 2px, #3399CC 2px, #3399CC 4px );\n  }\n\n  .cib-cal-table .check-in, .cib-cal-table .check-out {\n    background-color: #ff9700;\n  }\n\n  .cib-cal-table a {\n    color: white;\n  }\n\n  .cib-cal-table .tooltip a {\n    text-decoration: none;\n  }\n\n\n\n<\/style><style media=\"screen\">\n  body {\n    \/*background-color: #ADFF2F;*\/\n  }\n\n  .cib-cal-table .tooltip {\n      position: relative;\n      \/*display: inline-block;*\/\n      \/*border-bottom: 1px dotted black;*\/\n  }\n\n  .cib-cal-table .tooltip .tooltiptext {\n      visibility: hidden;\n      width: 120px;\n      background-color: #000;\n      background-color: hsla(0, 0%, 20%, 0.9);\n      color: #fff;\n      text-align: center;\n      border-radius: 3px;\n      padding: 5px 0;\n      position: absolute;\n      z-index: 1;\n      bottom: 125%;\n      left: 50%;\n      margin-left: -60px;\n      opacity: 0;\n      \/* HOVER OFF *\/\n      transition: all 0.2s;\n  }\n\n  .cib-cal-table .tooltip .tooltiptext:after {\n      content: \"\";\n      position: absolute;\n      top: 100%;\n      left: 50%;\n      margin-left: -5px;\n      border-width: 5px;\n      border-style: solid;\n      border-color: #555 transparent transparent transparent;\n      border-color: hsla(0, 0%, 20%, 0.9) transparent transparent transparent;\n  }\n\n  .cib-cal-table .tooltip:hover .tooltiptext {\n      visibility: visible;\n      opacity: 1;\n      \/* HOVER ON *\/\n      transition: opacity 0.5s;\n  }\n\n<\/style><div style=\"overflow: auto;\"><table class=\"cib-cal-table\"><tr class=\"header\"><td class=\"accommodation\" colspan=\"3\"><strong>R. DO SOL 628 (590) - AP 203 - 2 DORM. C\/AIRE, ESTAC. CUBIERTO (6 PAX)<\/strong><\/td><\/tr><tr><td><div class=\"month \"><table class=\"month-table\"><thead ><tr><th class=\"calendar-header\" colspan=\"7\">DEZEMBRO 2026<\/th><\/tr><tr><th class=\"calendar-header\">S<\/th><th class=\"calendar-header\">T<\/th><th class=\"calendar-header\">Q<\/th><th class=\"calendar-header\">Q<\/th><th class=\"calendar-header\">S<\/th><th class=\"calendar-header\">S<\/th><th class=\"calendar-header\">D<\/th><\/tr><\/thead><tbody><tr><td class=\"day empty\">30<\/td><td class=\"day  \"><span>1<\/span><\/td><td class=\"day  \"><span>2<\/span><\/td><td class=\"day  \"><span>3<\/span><\/td><td class=\"day  \"><span>4<\/span><\/td><td class=\"day  \"><span>5<\/span><\/td><td class=\"day  \"><span>6<\/span><\/td><\/tr><tr><td class=\"day  \"><span>7<\/span><\/td><td class=\"day  \"><span>8<\/span><\/td><td class=\"day  \"><span>9<\/span><\/td><td class=\"day  \"><span>10<\/span><\/td><td class=\"day  \"><span>11<\/span><\/td><td class=\"day  \"><span>12<\/span><\/td><td class=\"day  \"><span>13<\/span><\/td><\/tr><tr><td class=\"day  \"><span>14<\/span><\/td><td class=\"day  \"><span>15<\/span><\/td><td class=\"day  \"><span>16<\/span><\/td><td class=\"day  \"><span>17<\/span><\/td><td class=\"day  \"><span>18<\/span><\/td><td class=\"day  \"><span>19<\/span><\/td><td class=\"day  \"><span>20<\/span><\/td><\/tr><tr><td class=\"day  \"><span>21<\/span><\/td><td class=\"day  \"><span>22<\/span><\/td><td class=\"day  \"><span>23<\/span><\/td><td class=\"day  \"><span>24<\/span><\/td><td class=\"day  \"><span>25<\/span><\/td><td class=\"day  \"><span>26<\/span><\/td><td class=\"day  \"><span>27<\/span><\/td><\/tr><tr><td class=\"day  \"><span>28<\/span><\/td><td class=\"day  \"><span>29<\/span><\/td><td class=\"day  \"><span>30<\/span><\/td><td class=\"day  \"><span>31<\/span><\/td><td class=\"day empty\">1<\/td><td class=\"day empty\">2<\/td><td class=\"day empty\">3<\/td><\/tr><tr><td class=\"day empty\">4<\/td><td class=\"day empty\">5<\/td><td class=\"day empty\">6<\/td><td class=\"day empty\">7<\/td><td class=\"day empty\">8<\/td><td class=\"day empty\">9<\/td><td class=\"day empty\">10<\/td><\/tr><\/tbody><\/table><\/div><\/td><td><div class=\"month \"><table class=\"month-table\"><thead ><tr><th class=\"calendar-header\" colspan=\"7\">JANEIRO 2027<\/th><\/tr><tr><th class=\"calendar-header\">S<\/th><th class=\"calendar-header\">T<\/th><th class=\"calendar-header\">Q<\/th><th class=\"calendar-header\">Q<\/th><th class=\"calendar-header\">S<\/th><th class=\"calendar-header\">S<\/th><th class=\"calendar-header\">D<\/th><\/tr><\/thead><tbody><tr><td class=\"day empty\">28<\/td><td class=\"day empty\">29<\/td><td class=\"day empty\">30<\/td><td class=\"day empty\">31<\/td><td class=\"day  \"><span>1<\/span><\/td><td class=\"day  \"><span>2<\/span><\/td><td class=\"day  \"><span>3<\/span><\/td><\/tr><tr><td class=\"day  \"><span>4<\/span><\/td><td class=\"day  \"><span>5<\/span><\/td><td class=\"day  \"><span>6<\/span><\/td><td class=\"day  \"><span>7<\/span><\/td><td class=\"day  \"><span>8<\/span><\/td><td class=\"day  \"><span>9<\/span><\/td><td class=\"day  \"><span>10<\/span><\/td><\/tr><tr><td class=\"day  \"><span>11<\/span><\/td><td class=\"day  \"><span>12<\/span><\/td><td class=\"day  \"><span>13<\/span><\/td><td class=\"day  \"><span>14<\/span><\/td><td class=\"day  \"><span>15<\/span><\/td><td class=\"day  \"><span>16<\/span><\/td><td class=\"day  \"><span>17<\/span><\/td><\/tr><tr><td class=\"day  \"><span>18<\/span><\/td><td class=\"day  \"><span>19<\/span><\/td><td class=\"day  \"><span>20<\/span><\/td><td class=\"day  \"><span>21<\/span><\/td><td class=\"day  \"><span>22<\/span><\/td><td class=\"day  \"><span>23<\/span><\/td><td class=\"day  \"><span>24<\/span><\/td><\/tr><tr><td class=\"day  \"><span>25<\/span><\/td><td class=\"day  \"><span>26<\/span><\/td><td class=\"day  \"><span>27<\/span><\/td><td class=\"day  \"><span>28<\/span><\/td><td class=\"day  \"><span>29<\/span><\/td><td class=\"day  \"><span>30<\/span><\/td><td class=\"day  \"><span>31<\/span><\/td><\/tr><tr><td class=\"day empty\">1<\/td><td class=\"day empty\">2<\/td><td class=\"day empty\">3<\/td><td class=\"day empty\">4<\/td><td class=\"day empty\">5<\/td><td class=\"day empty\">6<\/td><td class=\"day empty\">7<\/td><\/tr><\/tbody><\/table><\/div><\/td><td><div class=\"month \"><table class=\"month-table\"><thead ><tr><th class=\"calendar-header\" colspan=\"7\">FEVEREIRO 2027<\/th><\/tr><tr><th class=\"calendar-header\">S<\/th><th class=\"calendar-header\">T<\/th><th class=\"calendar-header\">Q<\/th><th class=\"calendar-header\">Q<\/th><th class=\"calendar-header\">S<\/th><th class=\"calendar-header\">S<\/th><th class=\"calendar-header\">D<\/th><\/tr><\/thead><tbody><tr><td class=\"day  \"><span>1<\/span><\/td><td class=\"day  \"><span>2<\/span><\/td><td class=\"day  \"><span>3<\/span><\/td><td class=\"day  \"><span>4<\/span><\/td><td class=\"day  \"><span>5<\/span><\/td><td class=\"day  \"><span>6<\/span><\/td><td class=\"day  \"><span>7<\/span><\/td><\/tr><tr><td class=\"day  \"><span>8<\/span><\/td><td class=\"day  \"><span>9<\/span><\/td><td class=\"day  \"><span>10<\/span><\/td><td class=\"day  \"><span>11<\/span><\/td><td class=\"day  \"><span>12<\/span><\/td><td class=\"day  \"><span>13<\/span><\/td><td class=\"day  \"><span>14<\/span><\/td><\/tr><tr><td class=\"day  \"><span>15<\/span><\/td><td class=\"day  \"><span>16<\/span><\/td><td class=\"day  \"><span>17<\/span><\/td><td class=\"day  \"><span>18<\/span><\/td><td class=\"day  \"><span>19<\/span><\/td><td class=\"day  \"><span>20<\/span><\/td><td class=\"day  \"><span>21<\/span><\/td><\/tr><tr><td class=\"day  \"><span>22<\/span><\/td><td class=\"day  \"><span>23<\/span><\/td><td class=\"day  \"><span>24<\/span><\/td><td class=\"day  \"><span>25<\/span><\/td><td class=\"day  \"><span>26<\/span><\/td><td class=\"day  \"><span>27<\/span><\/td><td class=\"day  \"><span>28<\/span><\/td><\/tr><tr><td class=\"day empty\">1<\/td><td class=\"day empty\">2<\/td><td class=\"day empty\">3<\/td><td class=\"day empty\">4<\/td><td class=\"day empty\">5<\/td><td class=\"day empty\">6<\/td><td class=\"day empty\">7<\/td><\/tr><tr><td class=\"day empty\">8<\/td><td class=\"day empty\">9<\/td><td class=\"day empty\">10<\/td><td class=\"day empty\">11<\/td><td class=\"day empty\">12<\/td><td class=\"day empty\">13<\/td><td class=\"day empty\">14<\/td><\/tr><\/tbody><\/table><\/div><\/td><\/tr><\/table><\/div>\n<style>\n\n  .cib-cal-table .calendar-header {\n    color: #fff;\n    background-color: #006699;\n    border: 1px solid #006699;\n    border-radius: 3px;\n    height: 20px;\n  }\n\n\n\n  .cib-cal-table {\n    margin: 0 auto;\n  }\n\n  .cib-cal-table, .cib-cal-table .month-table {\n    border-collapse: separate;\n    border-spacing: 2px;\n  }\n\n  .cib-cal-table th, .cib-cal-table td {\n    text-align: center;\n  }\n\n  .cib-cal-table .header .accommodation {\n    border-bottom: 2px dotted #333;\n    color: #333;\n    text-align: left;\n  }\n\n  \/* months *\/\n  .cib-cal-table .month {\n    padding: 3px;\n    \/*width: 200px;*\/\n    background-color: white;\n    border-radius: 3px;\n    \/*float: left;*\/\n    border: 2px solid white;\n  }\n\n  .cib-cal-table .this-month {\n    border: 2px dotted #006699;\n  }\n\n  .cib-cal-table .month table {\n    width: 100%;\n\n  }\n\n  \/* DAYS & STATUS *\/\n  .cib-cal-table .day {\n    border-radius: 4px;\n    height: 20px;\n    width: 23px;\n    background-color: #DDD;\n    border: 1px solid #CCC;\n    color: #000;\n\n    padding: 0;\n  }\n\n  .cib-cal-table .empty {\n    background-color: #eee;\n    border: 1px solid #EEE;\n    color: #ccc;\n  }\n\n  @media print {\n    .cib-cal-table .header .owner {\n      background-color: transparent;\n      border: 2px solid #006699;\n      color: #006699;\n    }\n    .cib-cal-table .header .property {\n      background-color: transparent;\n      border: 2px solid #ff6600;\n      color: #ff6600;\n    }\n    .cib-cal-table .day, .cib-cal-table .empty {\n      background-color: transparent;\n    }\n\n    .cib-cal-table .calendar-header {\n      background-color: transparent;;\n      color: #006699;\n    }\n  }\n\n  .cib-cal-table .today {\n    border: 1px dotted #006699;\n  }\n\n  .cib-cal-table .booked, .cib-cal-table .completed {\n    background-color: #FF0000;\n  }\n\n  .cib-cal-table .booked-cibersale, .cib-cal-table .completed-cibersale {\n    background-color: #3B1675;\n  }\n\n  .cib-cal-table .prebooked {\n    background-color: #00ff00;\n    background: repeating-linear-gradient( 45deg, white, white 6px, #00ff00 6px, #00ff00 12px);\n  }\n\n  .cib-cal-table .prebooked-cibersale {\n    background-color: #3399CC;\n    background: repeating-linear-gradient( 45deg, white, white 2px, #3399CC 2px, #3399CC 4px );\n  }\n\n  .cib-cal-table .check-in, .cib-cal-table .check-out {\n    background-color: #ff9700;\n  }\n\n  .cib-cal-table a {\n    color: white;\n  }\n\n  .cib-cal-table .tooltip a {\n    text-decoration: none;\n  }\n\n\n\n<\/style><style media=\"screen\">\n  body {\n    \/*background-color: #ADFF2F;*\/\n  }\n\n  .cib-cal-table .tooltip {\n      position: relative;\n      \/*display: inline-block;*\/\n      \/*border-bottom: 1px dotted black;*\/\n  }\n\n  .cib-cal-table .tooltip .tooltiptext {\n      visibility: hidden;\n      width: 120px;\n      background-color: #000;\n      background-color: hsla(0, 0%, 20%, 0.9);\n      color: #fff;\n      text-align: center;\n      border-radius: 3px;\n      padding: 5px 0;\n      position: absolute;\n      z-index: 1;\n      bottom: 125%;\n      left: 50%;\n      margin-left: -60px;\n      opacity: 0;\n      \/* HOVER OFF *\/\n      transition: all 0.2s;\n  }\n\n  .cib-cal-table .tooltip .tooltiptext:after {\n      content: \"\";\n      position: absolute;\n      top: 100%;\n      left: 50%;\n      margin-left: -5px;\n      border-width: 5px;\n      border-style: solid;\n      border-color: #555 transparent transparent transparent;\n      border-color: hsla(0, 0%, 20%, 0.9) transparent transparent transparent;\n  }\n\n  .cib-cal-table .tooltip:hover .tooltiptext {\n      visibility: visible;\n      opacity: 1;\n      \/* HOVER ON *\/\n      transition: opacity 0.5s;\n  }\n\n<\/style><div style=\"overflow: auto;\"><table class=\"cib-cal-table\"><tr class=\"header\"><td class=\"accommodation\" colspan=\"3\"><strong>DPTO 201 (1 DORM. A.A. - 2 BA\u00d1OS)<\/strong><\/td><\/tr><tr><td><div class=\"month \"><table class=\"month-table\"><thead ><tr><th class=\"calendar-header\" colspan=\"7\">DEZEMBRO 2026<\/th><\/tr><tr><th class=\"calendar-header\">S<\/th><th class=\"calendar-header\">T<\/th><th class=\"calendar-header\">Q<\/th><th class=\"calendar-header\">Q<\/th><th class=\"calendar-header\">S<\/th><th class=\"calendar-header\">S<\/th><th class=\"calendar-header\">D<\/th><\/tr><\/thead><tbody><tr><td class=\"day empty\">30<\/td><td class=\"day  \"><span>1<\/span><\/td><td class=\"day  \"><span>2<\/span><\/td><td class=\"day  \"><span>3<\/span><\/td><td class=\"day  \"><span>4<\/span><\/td><td class=\"day  \"><span>5<\/span><\/td><td class=\"day  \"><span>6<\/span><\/td><\/tr><tr><td class=\"day  \"><span>7<\/span><\/td><td class=\"day  \"><span>8<\/span><\/td><td class=\"day  \"><span>9<\/span><\/td><td class=\"day  \"><span>10<\/span><\/td><td class=\"day  \"><span>11<\/span><\/td><td class=\"day  \"><span>12<\/span><\/td><td class=\"day  \"><span>13<\/span><\/td><\/tr><tr><td class=\"day  \"><span>14<\/span><\/td><td class=\"day  \"><span>15<\/span><\/td><td class=\"day  \"><span>16<\/span><\/td><td class=\"day  \"><span>17<\/span><\/td><td class=\"day  \"><span>18<\/span><\/td><td class=\"day  \"><span>19<\/span><\/td><td class=\"day  \"><span>20<\/span><\/td><\/tr><tr><td class=\"day  \"><span>21<\/span><\/td><td class=\"day  \"><span>22<\/span><\/td><td class=\"day  \"><span>23<\/span><\/td><td class=\"day  \"><span>24<\/span><\/td><td class=\"day  \"><span>25<\/span><\/td><td class=\"day  \"><span>26<\/span><\/td><td class=\"day  \"><span>27<\/span><\/td><\/tr><tr><td class=\"day  \"><span>28<\/span><\/td><td class=\"day  \"><span>29<\/span><\/td><td class=\"day  \"><span>30<\/span><\/td><td class=\"day  \"><span>31<\/span><\/td><td class=\"day empty\">1<\/td><td class=\"day empty\">2<\/td><td class=\"day empty\">3<\/td><\/tr><tr><td class=\"day empty\">4<\/td><td class=\"day empty\">5<\/td><td class=\"day empty\">6<\/td><td class=\"day empty\">7<\/td><td class=\"day empty\">8<\/td><td class=\"day empty\">9<\/td><td class=\"day empty\">10<\/td><\/tr><\/tbody><\/table><\/div><\/td><td><div class=\"month \"><table class=\"month-table\"><thead ><tr><th class=\"calendar-header\" colspan=\"7\">JANEIRO 2027<\/th><\/tr><tr><th class=\"calendar-header\">S<\/th><th class=\"calendar-header\">T<\/th><th class=\"calendar-header\">Q<\/th><th class=\"calendar-header\">Q<\/th><th class=\"calendar-header\">S<\/th><th class=\"calendar-header\">S<\/th><th class=\"calendar-header\">D<\/th><\/tr><\/thead><tbody><tr><td class=\"day empty\">28<\/td><td class=\"day empty\">29<\/td><td class=\"day empty\">30<\/td><td class=\"day empty\">31<\/td><td class=\"day  \"><span>1<\/span><\/td><td class=\"day  \"><span>2<\/span><\/td><td class=\"day  \"><span>3<\/span><\/td><\/tr><tr><td class=\"day  \"><span>4<\/span><\/td><td class=\"day  \"><span>5<\/span><\/td><td class=\"day  \"><span>6<\/span><\/td><td class=\"day  \"><span>7<\/span><\/td><td class=\"day  \"><span>8<\/span><\/td><td class=\"day  \"><span>9<\/span><\/td><td class=\"day  \"><span>10<\/span><\/td><\/tr><tr><td class=\"day  \"><span>11<\/span><\/td><td class=\"day  \"><span>12<\/span><\/td><td class=\"day  \"><span>13<\/span><\/td><td class=\"day  \"><span>14<\/span><\/td><td class=\"day  \"><span>15<\/span><\/td><td class=\"day  \"><span>16<\/span><\/td><td class=\"day  \"><span>17<\/span><\/td><\/tr><tr><td class=\"day  \"><span>18<\/span><\/td><td class=\"day  \"><span>19<\/span><\/td><td class=\"day  \"><span>20<\/span><\/td><td class=\"day  \"><span>21<\/span><\/td><td class=\"day  \"><span>22<\/span><\/td><td class=\"day  \"><span>23<\/span><\/td><td class=\"day  \"><span>24<\/span><\/td><\/tr><tr><td class=\"day  \"><span>25<\/span><\/td><td class=\"day  \"><span>26<\/span><\/td><td class=\"day  \"><span>27<\/span><\/td><td class=\"day  \"><span>28<\/span><\/td><td class=\"day  \"><span>29<\/span><\/td><td class=\"day  \"><span>30<\/span><\/td><td class=\"day  \"><span>31<\/span><\/td><\/tr><tr><td class=\"day empty\">1<\/td><td class=\"day empty\">2<\/td><td class=\"day empty\">3<\/td><td class=\"day empty\">4<\/td><td class=\"day empty\">5<\/td><td class=\"day empty\">6<\/td><td class=\"day empty\">7<\/td><\/tr><\/tbody><\/table><\/div><\/td><td><div class=\"month \"><table class=\"month-table\"><thead ><tr><th class=\"calendar-header\" colspan=\"7\">FEVEREIRO 2027<\/th><\/tr><tr><th class=\"calendar-header\">S<\/th><th class=\"calendar-header\">T<\/th><th class=\"calendar-header\">Q<\/th><th class=\"calendar-header\">Q<\/th><th class=\"calendar-header\">S<\/th><th class=\"calendar-header\">S<\/th><th class=\"calendar-header\">D<\/th><\/tr><\/thead><tbody><tr><td class=\"day  \"><span>1<\/span><\/td><td class=\"day  \"><span>2<\/span><\/td><td class=\"day  \"><span>3<\/span><\/td><td class=\"day  \"><span>4<\/span><\/td><td class=\"day  \"><span>5<\/span><\/td><td class=\"day  \"><span>6<\/span><\/td><td class=\"day  \"><span>7<\/span><\/td><\/tr><tr><td class=\"day  \"><span>8<\/span><\/td><td class=\"day  \"><span>9<\/span><\/td><td class=\"day  \"><span>10<\/span><\/td><td class=\"day  \"><span>11<\/span><\/td><td class=\"day  \"><span>12<\/span><\/td><td class=\"day  \"><span>13<\/span><\/td><td class=\"day  \"><span>14<\/span><\/td><\/tr><tr><td class=\"day  \"><span>15<\/span><\/td><td class=\"day  \"><span>16<\/span><\/td><td class=\"day  \"><span>17<\/span><\/td><td class=\"day  \"><span>18<\/span><\/td><td class=\"day  \"><span>19<\/span><\/td><td class=\"day  \"><span>20<\/span><\/td><td class=\"day  \"><span>21<\/span><\/td><\/tr><tr><td class=\"day  \"><span>22<\/span><\/td><td class=\"day  \"><span>23<\/span><\/td><td class=\"day  \"><span>24<\/span><\/td><td class=\"day  \"><span>25<\/span><\/td><td class=\"day  \"><span>26<\/span><\/td><td class=\"day  \"><span>27<\/span><\/td><td class=\"day  \"><span>28<\/span><\/td><\/tr><tr><td class=\"day empty\">1<\/td><td class=\"day empty\">2<\/td><td class=\"day empty\">3<\/td><td class=\"day empty\">4<\/td><td class=\"day empty\">5<\/td><td class=\"day empty\">6<\/td><td class=\"day empty\">7<\/td><\/tr><tr><td class=\"day empty\">8<\/td><td class=\"day empty\">9<\/td><td class=\"day empty\">10<\/td><td class=\"day empty\">11<\/td><td class=\"day empty\">12<\/td><td class=\"day empty\">13<\/td><td class=\"day empty\">14<\/td><\/tr><\/tbody><\/table><\/div><\/td><\/tr><\/table><\/div>\n<h3>Offres de la semaine!<\/h3>\n<p>Si vous avez de la flexibilit\u00e9 dans les dates, vous pouvez profiter des offres BASSE SAISON. Les offres basse saison sont mises en \u00e9vidence dans le tableau.<br \/>\n<strong>Attention: les calendriers sont au format br\u00e9silien commen\u00e7ant par lundi (segunda-feira) et en finissant par le dimanche.<\/strong><\/p>\n\n","protected":false},"excerpt":{"rendered":"<p>C&rsquo;est un nouvel appartement, pour six personnes, tr\u00e8s lumineux de \u00b1 70 m\u00b2,\u00a0\u00e0 trois p\u00e2t\u00e9s de maisons de la mer \u00e0 la plage Praia dos Ingleses, \u00e1 INGLESES NORTE (nord), c\u2019est-\u00e0-dire la zone nobre du quartier. Deux chambres avec air conditionn\u00e9, deux salles de bains, une chambre double lit box avec salle de bain en [&hellip;]<\/p>\n","protected":false},"author":3,"featured_media":0,"parent":0,"menu_order":0,"comment_status":"open","ping_status":"closed","template":"","meta":[],"categories":[365,366,369],"tags":[370],"acf":[],"_links":{"self":[{"href":"https:\/\/cibersale.com.br\/fr\/wp-json\/wp\/v2\/pages\/3722"}],"collection":[{"href":"https:\/\/cibersale.com.br\/fr\/wp-json\/wp\/v2\/pages"}],"about":[{"href":"https:\/\/cibersale.com.br\/fr\/wp-json\/wp\/v2\/types\/page"}],"author":[{"embeddable":true,"href":"https:\/\/cibersale.com.br\/fr\/wp-json\/wp\/v2\/users\/3"}],"replies":[{"embeddable":true,"href":"https:\/\/cibersale.com.br\/fr\/wp-json\/wp\/v2\/comments?post=3722"}],"version-history":[{"count":1,"href":"https:\/\/cibersale.com.br\/fr\/wp-json\/wp\/v2\/pages\/3722\/revisions"}],"predecessor-version":[{"id":3752,"href":"https:\/\/cibersale.com.br\/fr\/wp-json\/wp\/v2\/pages\/3722\/revisions\/3752"}],"wp:attachment":[{"href":"https:\/\/cibersale.com.br\/fr\/wp-json\/wp\/v2\/media?parent=3722"}],"wp:term":[{"taxonomy":"category","embeddable":true,"href":"https:\/\/cibersale.com.br\/fr\/wp-json\/wp\/v2\/categories?post=3722"},{"taxonomy":"post_tag","embeddable":true,"href":"https:\/\/cibersale.com.br\/fr\/wp-json\/wp\/v2\/tags?post=3722"}],"curies":[{"name":"wp","href":"https:\/\/api.w.org\/{rel}","templated":true}]}}