{"id":3515,"date":"2020-06-16T17:07:49","date_gmt":"2020-06-16T20:07:49","guid":{"rendered":"https:\/\/cibersale.com.br\/?page_id=3515"},"modified":"2020-06-16T17:15:30","modified_gmt":"2020-06-16T20:15:30","slug":"contacter","status":"publish","type":"page","link":"https:\/\/cibersale.com.br\/fr\/contacter\/","title":{"rendered":"Contacter"},"content":{"rendered":"<p>Bonjour, je m&rsquo;appelle Pablo. Ceci est notre page de contact priv\u00e9e. Les donn\u00e9es ici ne seront pas publi\u00e9es. Veuillez vous assurer que l&rsquo;e-mail est bien \u00e9crit afin que nous puissions communiquer.<\/p>\n<div role=\"form\" class=\"wpcf7\" id=\"wpcf7-f3516-o1\" lang=\"en-US\" dir=\"ltr\">\n<div class=\"screen-reader-response\"><p role=\"status\" aria-live=\"polite\" aria-atomic=\"true\"><\/p> <ul><\/ul><\/div>\n<form action=\"\/fr\/wp-json\/wp\/v2\/pages\/3515#wpcf7-f3516-o1\" method=\"post\" class=\"wpcf7-form init\" novalidate=\"novalidate\" data-status=\"init\">\n<div style=\"display: none;\">\n<input type=\"hidden\" name=\"_wpcf7\" value=\"3516\" \/>\n<input type=\"hidden\" name=\"_wpcf7_version\" value=\"5.5.6.1\" \/>\n<input type=\"hidden\" name=\"_wpcf7_locale\" value=\"en_US\" \/>\n<input type=\"hidden\" name=\"_wpcf7_unit_tag\" value=\"wpcf7-f3516-o1\" \/>\n<input type=\"hidden\" name=\"_wpcf7_container_post\" value=\"0\" \/>\n<input type=\"hidden\" name=\"_wpcf7_posted_data_hash\" value=\"\" \/>\n<input type=\"hidden\" name=\"_wpcf7_recaptcha_response\" value=\"\" \/>\n<\/div>\n<p>Tu nombre (necesario)<br \/>\n\t<span class=\"wpcf7-form-control-wrap your-name\"><input type=\"text\" name=\"your-name\" value=\"\" size=\"40\" class=\"wpcf7-form-control wpcf7-text wpcf7-validates-as-required\" aria-required=\"true\" aria-invalid=\"false\" \/><\/span> <\/p>\n<p>Tu email (necesario)<br \/>\n\t<span class=\"wpcf7-form-control-wrap your-email\"><input type=\"email\" name=\"your-email\" value=\"\" size=\"40\" class=\"wpcf7-form-control wpcf7-text wpcf7-email wpcf7-validates-as-required wpcf7-validates-as-email\" aria-required=\"true\" aria-invalid=\"false\" \/><\/span> <\/p>\n<p>Tu tel\u00e9fono (muy importante! si es de tu celular mejor)<br \/>\n\t<span class=\"wpcf7-form-control-wrap phone\"><input type=\"tel\" name=\"phone\" value=\"\" size=\"40\" class=\"wpcf7-form-control wpcf7-text wpcf7-tel wpcf7-validates-as-tel\" aria-invalid=\"false\" \/><\/span> <\/p>\n<p>Asunto, para visualizar r\u00e1pidamente el motivo de tu consulta.<br \/>\n\t<span class=\"wpcf7-form-control-wrap your-subject\"><input type=\"text\" name=\"your-subject\" value=\"\" size=\"40\" class=\"wpcf7-form-control wpcf7-text wpcf7-validates-as-required\" aria-required=\"true\" aria-invalid=\"false\" \/><\/span> <\/p>\n<p>Consulta o mensaje<br \/>\n\t<span class=\"wpcf7-form-control-wrap your-message\"><textarea name=\"your-message\" cols=\"40\" rows=\"10\" class=\"wpcf7-form-control wpcf7-textarea wpcf7-validates-as-required\" aria-required=\"true\" aria-invalid=\"false\"><\/textarea><\/span> <\/p>\n<p><input type=\"submit\" value=\"Enviar!\" class=\"wpcf7-form-control has-spinner wpcf7-submit\" \/><\/p>\n<div class=\"wpcf7-response-output\" aria-hidden=\"true\"><\/div><\/form><\/div>\n","protected":false},"excerpt":{"rendered":"<p>Bonjour, je m&rsquo;appelle Pablo. Ceci est notre page de contact priv\u00e9e. Les donn\u00e9es ici ne seront pas publi\u00e9es. Veuillez vous assurer que l&rsquo;e-mail est bien \u00e9crit afin que nous puissions communiquer.<\/p>\n","protected":false},"author":1,"featured_media":0,"parent":0,"menu_order":0,"comment_status":"closed","ping_status":"closed","template":"","meta":[],"categories":[],"tags":[],"acf":[],"_links":{"self":[{"href":"https:\/\/cibersale.com.br\/fr\/wp-json\/wp\/v2\/pages\/3515"}],"collection":[{"href":"https:\/\/cibersale.com.br\/fr\/wp-json\/wp\/v2\/pages"}],"about":[{"href":"https:\/\/cibersale.com.br\/fr\/wp-json\/wp\/v2\/types\/page"}],"author":[{"embeddable":true,"href":"https:\/\/cibersale.com.br\/fr\/wp-json\/wp\/v2\/users\/1"}],"replies":[{"embeddable":true,"href":"https:\/\/cibersale.com.br\/fr\/wp-json\/wp\/v2\/comments?post=3515"}],"version-history":[{"count":0,"href":"https:\/\/cibersale.com.br\/fr\/wp-json\/wp\/v2\/pages\/3515\/revisions"}],"wp:attachment":[{"href":"https:\/\/cibersale.com.br\/fr\/wp-json\/wp\/v2\/media?parent=3515"}],"wp:term":[{"taxonomy":"category","embeddable":true,"href":"https:\/\/cibersale.com.br\/fr\/wp-json\/wp\/v2\/categories?post=3515"},{"taxonomy":"post_tag","embeddable":true,"href":"https:\/\/cibersale.com.br\/fr\/wp-json\/wp\/v2\/tags?post=3515"}],"curies":[{"name":"wp","href":"https:\/\/api.w.org\/{rel}","templated":true}]}}