{"id":773,"date":"2011-08-10T21:19:19","date_gmt":"2011-08-11T00:19:19","guid":{"rendered":"https:\/\/cibersale.com.br\/?page_id=773"},"modified":"2014-11-22T07:20:06","modified_gmt":"2014-11-22T10:20:06","slug":"la-posada-de-nilson-y-luciana","status":"publish","type":"page","link":"https:\/\/cibersale.com.br\/es\/alquileres\/la-posada-de-nilson-y-luciana\/","title":{"rendered":"La posada de Nilson y Luciana"},"content":{"rendered":"<p>En la avenida principal(ruta) que conecta <em>las playas del Este de la isla de Florian\u00f3polis<\/em>, en una empinada calle sin salida se encuentra la posada de Nilson y Luciana. Con mucho esfuerzo, esta agradable familia de nativos ha construido una hermosa posada de tres departamentos de un dormitorio y un duplex de 2 dormitorios, todos muy equipados y acogedores.\u00a0Tienen TV, cocina completa, heladera, vajilla, cocina y horno a gas, lavander\u00eda individual. No dispone de microondas.<\/p>\n<figure id=\"attachment_775\" aria-describedby=\"caption-attachment-775\" style=\"width: 530px\" class=\"wp-caption aligncenter\"><a href=\"https:\/\/cibersale.com.br\/wp-content\/uploads\/PosadaNilsonLuciana_PlayaMole.jpg\"><img loading=\"lazy\" class=\"size-full wp-image-775\" title=\"Posada Nilson y Luciana - Playa Mole, Florian\u00f3polis\" src=\"https:\/\/cibersale.com.br\/wp-content\/uploads\/PosadaNilsonLuciana_PlayaMole.jpg\" alt=\"Posada Nilson y Luciana - Playa Mole, Florian\u00f3polis\" width=\"530\" height=\"398\" srcset=\"https:\/\/cibersale.com.br\/wp-content\/uploads\/PosadaNilsonLuciana_PlayaMole.jpg 530w, https:\/\/cibersale.com.br\/wp-content\/uploads\/PosadaNilsonLuciana_PlayaMole-300x225.jpg 300w\" sizes=\"(max-width: 530px) 100vw, 530px\" \/><\/a><figcaption id=\"caption-attachment-775\" class=\"wp-caption-text\">Posada Nilson y Luciana - Playa Mole, Florian\u00f3polis<\/figcaption><\/figure>\n<p><img class=\"cibs\" src=\"https:\/\/cibersale.com.br\/wp-content\/uploads\/etoile3.png\" alt=\"\" width=\"150\" \/><\/p>\n<p>Los departamentos de un dormitorio son para hasta 4 personas con una cama de dos plazas y un sof\u00e1 cama en la sala. El duplex es hasta para 6 personas, tiene dos cuartos con dos camas de dos plazas cada uno y una cama cucheta en uno de ellos, tambi\u00e9n tiene un sof\u00e1 doble en la sala. La posada est\u00e1 en un lugar elevado lo que permite <strong>una panor\u00e1mica vista al lago<\/strong>. Tiene <strong>Wi-Fi<\/strong>y entrada para el auto. Sin churrasquera.<\/p>\n<figure id=\"attachment_774\" aria-describedby=\"caption-attachment-774\" style=\"width: 530px\" class=\"wp-caption aligncenter\"><a href=\"https:\/\/cibersale.com.br\/wp-content\/uploads\/PosadaNilson_Luciana_colage.jpg\"><img loading=\"lazy\" class=\"size-full wp-image-774\" title=\"Posada de Nilson y Luciana - Playa Mole, Florian\u00f3polis\" src=\"https:\/\/cibersale.com.br\/wp-content\/uploads\/PosadaNilson_Luciana_colage.jpg\" alt=\"Posada de Nilson y Luciana - Playa Mole, Florian\u00f3polis\" width=\"530\" height=\"398\" srcset=\"https:\/\/cibersale.com.br\/wp-content\/uploads\/PosadaNilson_Luciana_colage.jpg 530w, https:\/\/cibersale.com.br\/wp-content\/uploads\/PosadaNilson_Luciana_colage-300x225.jpg 300w\" sizes=\"(max-width: 530px) 100vw, 530px\" \/><\/a><figcaption id=\"caption-attachment-774\" class=\"wp-caption-text\">Posada de Nilson y Luciana - Playa Mole, Florian\u00f3polis<\/figcaption><\/figure>\n<p>La posada est\u00e1 a unos 800 metros de <strong>Playa Mole<\/strong> y 1.500 metros de la<strong> playa de Barra da Lagoa<\/strong>. Es ideal para hacer centro y recorrer las otras playas del Este, como Joaquina (3kms.), Mozambique(5kms.) y las del Norte como Playa de los Ingleses (20kms.).<\/p>\n<h2>La casa de Dalva<\/h2>\n<p>Al lado de la posada de Nilson y Luciana est\u00e1 la casa de Dalva, que claro, es la mam\u00e1 de Nilson!<br \/>\nEst\u00e1 en un primer piso y tiene una muy linda y pintoresca vista a la Estrada Manoel Menezes y la Lagoa de la Concep\u00e7\u00e3o.<br \/>\nTiene un dormitorio amplio, cocina comedor completa, con un sof\u00e1 cama, y ba\u00f1o.<br \/>\n<img loading=\"lazy\" src=\"https:\/\/cibersale.com.br\/wp-content\/uploads\/COLLAGE-casaDalva_IMGP3583.jpg\" alt=\"\" title=\"COLLAGE-casaDalva_IMGP3583\" width=\"530\" height=\"244\" class=\"aligncenter size-full wp-image-1223\" srcset=\"https:\/\/cibersale.com.br\/wp-content\/uploads\/COLLAGE-casaDalva_IMGP3583.jpg 530w, https:\/\/cibersale.com.br\/wp-content\/uploads\/COLLAGE-casaDalva_IMGP3583-300x138.jpg 300w\" sizes=\"(max-width: 530px) 100vw, 530px\" \/><\/p>\n<p>[cbs_calendar id=20]<br \/>\n[cbs_calendar id=21]<br \/>\n[cbs_calendar id=22]<br \/>\n[cbs_calendar id=23]<br \/>\n[cbs_calendar id=64]<\/p>\n","protected":false},"excerpt":{"rendered":"<p>C\u00f3modo residencial en playa Mole, con vista a la lagoa da Conce\u00e7\u00e3o.<\/p>\n","protected":false},"author":2,"featured_media":0,"parent":392,"menu_order":0,"comment_status":"open","ping_status":"open","template":"","meta":[],"categories":[],"tags":[],"acf":[],"_links":{"self":[{"href":"https:\/\/cibersale.com.br\/es\/wp-json\/wp\/v2\/pages\/773"}],"collection":[{"href":"https:\/\/cibersale.com.br\/es\/wp-json\/wp\/v2\/pages"}],"about":[{"href":"https:\/\/cibersale.com.br\/es\/wp-json\/wp\/v2\/types\/page"}],"author":[{"embeddable":true,"href":"https:\/\/cibersale.com.br\/es\/wp-json\/wp\/v2\/users\/2"}],"replies":[{"embeddable":true,"href":"https:\/\/cibersale.com.br\/es\/wp-json\/wp\/v2\/comments?post=773"}],"version-history":[{"count":2,"href":"https:\/\/cibersale.com.br\/es\/wp-json\/wp\/v2\/pages\/773\/revisions"}],"predecessor-version":[{"id":2358,"href":"https:\/\/cibersale.com.br\/es\/wp-json\/wp\/v2\/pages\/773\/revisions\/2358"}],"up":[{"embeddable":true,"href":"https:\/\/cibersale.com.br\/es\/wp-json\/wp\/v2\/pages\/392"}],"wp:attachment":[{"href":"https:\/\/cibersale.com.br\/es\/wp-json\/wp\/v2\/media?parent=773"}],"wp:term":[{"taxonomy":"category","embeddable":true,"href":"https:\/\/cibersale.com.br\/es\/wp-json\/wp\/v2\/categories?post=773"},{"taxonomy":"post_tag","embeddable":true,"href":"https:\/\/cibersale.com.br\/es\/wp-json\/wp\/v2\/tags?post=773"}],"curies":[{"name":"wp","href":"https:\/\/api.w.org\/{rel}","templated":true}]}}