{"id":688,"date":"2011-06-30T11:05:10","date_gmt":"2011-06-30T14:05:10","guid":{"rendered":"https:\/\/cibersale.com.br\/?page_id=688"},"modified":"2011-07-23T12:33:12","modified_gmt":"2011-07-23T15:33:12","slug":"condominio-casagrande","status":"publish","type":"page","link":"https:\/\/cibersale.com.br\/es\/condominio-casagrande\/","title":{"rendered":"Condominio Casagrande"},"content":{"rendered":"<p>Para los que deseen pernoctar en las termas de Piratuba, que est\u00e1n a 460 kil\u00f3metros antes de Florian\u00f3polis, el <strong>Condominio Casagrande<\/strong> es ideal.<\/p>\n<p>Queda a unos 100 metros del complejo termal de <strong>Piratuba<\/strong>.<\/p>\n<p>La idea es hacer noche, aprovechar un d\u00eda las termas, quedarse una noche mas y salir a la ma\u00f1ana hacia Florian\u00f3polis. <em>Saliendo antes del mediod\u00eda<\/em>, estarias llegando a Floripa a las cuatro o cinco de la tarde. Hay que recordar que <em>la peor hora para entrar a Florian\u00f3polis<\/em> es entre las seis y las ocho de la tarde, cuando el puente colapsa por el tr\u00e1nsito.<br \/>\n<figure id=\"attachment_692\" aria-describedby=\"caption-attachment-692\" style=\"width: 530px\" class=\"wp-caption aligncenter\"><a href=\"https:\/\/cibersale.com.br\/wp-content\/uploads\/casagrande1.jpg\"><img loading=\"lazy\" src=\"https:\/\/cibersale.com.br\/wp-content\/uploads\/casagrande1.jpg\" alt=\"Condominio CasaGrande - Termas de Piratuba Brasil\" title=\"Condominio CasaGrande - Termas de Piratuba Brasil\" width=\"530\" height=\"272\" class=\"size-full wp-image-692\" srcset=\"https:\/\/cibersale.com.br\/wp-content\/uploads\/casagrande1.jpg 530w, https:\/\/cibersale.com.br\/wp-content\/uploads\/casagrande1-300x153.jpg 300w\" sizes=\"(max-width: 530px) 100vw, 530px\" \/><\/a><figcaption id=\"caption-attachment-692\" class=\"wp-caption-text\">Condominio CasaGrande - Termas de Piratuba Brasil<\/figcaption><\/figure><br \/>\nEl se\u00f1or Casagrande tiene en su posada <strong>departamentos con dos dormitorios<\/strong>, cocina, comedor, ba\u00f1o, lavadero y balc\u00f3n. Estos departamentos pueden alojar <em>hasta seis personas mayores<\/em>.<\/p>\n<figure id=\"attachment_693\" aria-describedby=\"caption-attachment-693\" style=\"width: 530px\" class=\"wp-caption aligncenter\"><a href=\"https:\/\/cibersale.com.br\/wp-content\/uploads\/casagrande-dpto-comedor_530.jpg\"><img loading=\"lazy\" src=\"https:\/\/cibersale.com.br\/wp-content\/uploads\/casagrande-dpto-comedor_530.jpg\" alt=\"Condominio CasaGrande - Departamentos - Termas de Piratuba Brasil\" title=\"Condominio CasaGrande - Departamentos - Termas de Piratuba Brasil\" width=\"530\" height=\"398\" class=\"size-full wp-image-693\" srcset=\"https:\/\/cibersale.com.br\/wp-content\/uploads\/casagrande-dpto-comedor_530.jpg 530w, https:\/\/cibersale.com.br\/wp-content\/uploads\/casagrande-dpto-comedor_530-300x225.jpg 300w\" sizes=\"(max-width: 530px) 100vw, 530px\" \/><\/a><figcaption id=\"caption-attachment-693\" class=\"wp-caption-text\">Condominio CasaGrande - Departamentos - Termas de Piratuba Brasil<\/figcaption><\/figure>\n<p>Tambi\u00e9n cuenta con un servicio mas econ\u00f3mico, los <strong>monoambientes<\/strong> o <em>Kittenetes<\/em>. Un solo ambiente con cama de matrimonio y sof\u00e1 cama.<\/p>\n<figure id=\"attachment_695\" aria-describedby=\"caption-attachment-695\" style=\"width: 530px\" class=\"wp-caption aligncenter\"><a href=\"https:\/\/cibersale.com.br\/wp-content\/uploads\/casagrande-kitenete_530.jpg\"><img loading=\"lazy\" src=\"https:\/\/cibersale.com.br\/wp-content\/uploads\/casagrande-kitenete_530.jpg\" alt=\"Condominio CasaGrande - Monoambientes - Termas de Piratuba Brasil\" title=\"Condominio CasaGrande - Monoambientes - Termas de Piratuba Brasil\" width=\"530\" height=\"398\" class=\"size-full wp-image-695\" srcset=\"https:\/\/cibersale.com.br\/wp-content\/uploads\/casagrande-kitenete_530.jpg 530w, https:\/\/cibersale.com.br\/wp-content\/uploads\/casagrande-kitenete_530-300x225.jpg 300w\" sizes=\"(max-width: 530px) 100vw, 530px\" \/><\/a><figcaption id=\"caption-attachment-695\" class=\"wp-caption-text\">Condominio CasaGrande - Monoambientes - Termas de Piratuba Brasil<\/figcaption><\/figure>\n<p>Ademas de estar muy cerca de las piletas, <strong>Casagrande<\/strong> tiene un <em>restaurante de comida casera muy bueno<\/em>, tenedor libre a R$12<\/p>\n<figure id=\"attachment_699\" aria-describedby=\"caption-attachment-699\" style=\"width: 513px\" class=\"wp-caption aligncenter\"><a href=\"https:\/\/cibersale.com.br\/wp-content\/uploads\/casagrande-restaurante.jpg\"><img loading=\"lazy\" src=\"https:\/\/cibersale.com.br\/wp-content\/uploads\/casagrande-restaurante.jpg\" alt=\"Casagrande - Restaurante - Termas de Piratuba\" title=\"Casagrande - Restaurante - Termas de Piratuba\" width=\"513\" height=\"348\" class=\"size-full wp-image-699\" srcset=\"https:\/\/cibersale.com.br\/wp-content\/uploads\/casagrande-restaurante.jpg 513w, https:\/\/cibersale.com.br\/wp-content\/uploads\/casagrande-restaurante-300x203.jpg 300w\" sizes=\"(max-width: 513px) 100vw, 513px\" \/><\/a><figcaption id=\"caption-attachment-699\" class=\"wp-caption-text\">Casagrande - Restaurante - Termas de Piratuba<\/figcaption><\/figure>\n<h2>\u00bfC\u00f3mo ser\u00e1n los precios de los alquileres en la temporada 2012?<\/h2>\n<p><strong>Hasta el 15 de diciembre de 2011 los precios son una manteca!<\/strong> Los departamentos para seis personas a <strong>R$60 por dia<\/strong> y los monoambientes a <strong>R$70<\/strong> pero con<em> dos almuerzos inclu\u00eddos!!!<\/em>.<\/p>\n<p>Desde el 15 de diciembre de 2011 hasta el carnaval, ser\u00e1 m\u00e1s dif\u00edcil reservar y los precios aumentar\u00e1n, pero podemos conseguir ofertas si solo son dos d\u00edas.<\/p>\n<p>Si te interesa, me daj\u00e1s un comentario aqu\u00ed y te puedo reservar. Tambi\u00e9n pod\u00e9s llamarme por tel\u00e9fono 0055 (48) 3269 1986.<\/p>\n","protected":false},"excerpt":{"rendered":"<p>Para los que deseen pernoctar en las termas de Piratuba, que est\u00e1n a 460 kil\u00f3metros antes de Florian\u00f3polis, el Condominio Casagrande es ideal. Queda a unos 100 metros del complejo termal de Piratuba. La idea es hacer noche, aprovechar un d\u00eda las termas, quedarse una noche mas y salir a la ma\u00f1ana hacia Florian\u00f3polis. Saliendo [&hellip;]<\/p>\n","protected":false},"author":2,"featured_media":0,"parent":0,"menu_order":0,"comment_status":"open","ping_status":"closed","template":"","meta":[],"categories":[],"tags":[],"acf":[],"_links":{"self":[{"href":"https:\/\/cibersale.com.br\/es\/wp-json\/wp\/v2\/pages\/688"}],"collection":[{"href":"https:\/\/cibersale.com.br\/es\/wp-json\/wp\/v2\/pages"}],"about":[{"href":"https:\/\/cibersale.com.br\/es\/wp-json\/wp\/v2\/types\/page"}],"author":[{"embeddable":true,"href":"https:\/\/cibersale.com.br\/es\/wp-json\/wp\/v2\/users\/2"}],"replies":[{"embeddable":true,"href":"https:\/\/cibersale.com.br\/es\/wp-json\/wp\/v2\/comments?post=688"}],"version-history":[{"count":0,"href":"https:\/\/cibersale.com.br\/es\/wp-json\/wp\/v2\/pages\/688\/revisions"}],"wp:attachment":[{"href":"https:\/\/cibersale.com.br\/es\/wp-json\/wp\/v2\/media?parent=688"}],"wp:term":[{"taxonomy":"category","embeddable":true,"href":"https:\/\/cibersale.com.br\/es\/wp-json\/wp\/v2\/categories?post=688"},{"taxonomy":"post_tag","embeddable":true,"href":"https:\/\/cibersale.com.br\/es\/wp-json\/wp\/v2\/tags?post=688"}],"curies":[{"name":"wp","href":"https:\/\/api.w.org\/{rel}","templated":true}]}}