{"id":582,"date":"2010-12-27T17:22:49","date_gmt":"2010-12-27T20:22:49","guid":{"rendered":"https:\/\/cibersale.com.br\/?page_id=582"},"modified":"2013-06-20T15:31:20","modified_gmt":"2013-06-20T18:31:20","slug":"los-chalets-de-ana-paula","status":"publish","type":"page","link":"https:\/\/cibersale.com.br\/es\/florianopolis-alquileres-casas-posadas\/los-chalets-de-ana-paula\/","title":{"rendered":"Los Chalets de Ana Paula"},"content":{"rendered":"<p>Saliendo de Barra da Lagoa, yendo hacia playa Mole se encuentran los acogedores chalets de Ana Paula, a unos 800 metros de Playa Mole y Galeta.<br \/>\nCon una linda vista a la Lagoa de la Concepci\u00f3n, a unos doscientos metros del canal que comunica la Lagoa da Concei\u00e7\u00e3o con el mar, y unos dos mil metros de la playa de Barra da Lagoa.<br \/>\nSon <strong>dos chalets tipo alpino y un departamento<\/strong>. Todos tienen un dormitorio con cama de dos plazas.<br \/>\nHay sof\u00e1 y proveen colchones para acomodar en la sala.<br \/>\nTodos equipados con cocina completa y utensilios, heladera, tv, internet, entrada para auto, churrasquera compartida.<\/p>\n<div align=\"center\"><img src=\"https:\/\/cibersale.com.br\/wp-content\/uploads\/AnaPaula_Depto_IMGP3712.jpg\" alt=\"\"\/><\/div>\n<p><strong>Los chalets<\/strong><\/p>\n<div align=\"center\"><img src=\"https:\/\/cibersale.com.br\/wp-content\/uploads\/03-Cibersale2013-AnaPaula_Chale_IMGP37011.jpg\" alt=\"\"\/><\/div>\n<p><\/br><br \/>\n<strong>El departamento<\/strong><br \/>\nTiene un dormitorio, living, comedor, ba\u00f1o privado.<br \/>\nPuede acomodar hasta cuatro personas con colchones en el living.<br \/>\nTiene heladera, cocina, vajilla, tv, internet, y una hermosa vista a la Lagoa da Concei\u00e7\u00e3o.<br \/>\nEntrada para auto y parrilla compartida.<br \/>\n<img src=\"https:\/\/cibersale.com.br\/wp-content\/uploads\/AnaPaula_Depto_IMGP37091.jpg\" alt=\"\" \/><\/p>\n<p><img src=\"https:\/\/cibersale.com.br\/wp-content\/uploads\/AnaPaula_Depto_IMGP3697.jpg\" alt=\"\" \/><\/p>\n<p><img class=\"cibs\" src=\"https:\/\/cibersale.com.br\/wp-content\/uploads\/etoile2.png\" alt=\"\" width=\"150\" \/><\/p>\n<h2><span class=\"Apple-style-span\" style=\"font-size: 15px;\">Calendario de disponibilidades<\/span><\/h2>\n<p><iframe loading=\"lazy\" src=\"https:\/\/cibersale.com.br\/es\/reservas\/calendario.php?id_item=24&amp;lang=es\" scrolling=\"no\" width=\"522px\" height=\"240px\"><\/iframe><br \/>\n<iframe loading=\"lazy\" src=\"https:\/\/cibersale.com.br\/es\/reservas\/calendario.php?id_item=25&amp;lang=es\" scrolling=\"no\" width=\"522px\" height=\"240px\"><\/iframe><br \/>\n<iframe loading=\"lazy\" src=\"https:\/\/cibersale.com.br\/es\/reservas\/calendario.php?id_item=26&amp;lang=es\" scrolling=\"no\" width=\"522px\" height=\"240px\"><\/iframe><br \/>\n<iframe loading=\"lazy\" src=\"https:\/\/cibersale.com.br\/es\/reservas\/calendario.php?id_item=81&amp;lang=es\" scrolling=\"no\" width=\"522px\" height=\"240px\"><\/iframe><\/p>\n","protected":false},"excerpt":{"rendered":"<p>En playa Mole, con vista a Lagoa da Conce\u00e7\u00e3o<\/p>\n","protected":false},"author":2,"featured_media":0,"parent":1481,"menu_order":0,"comment_status":"open","ping_status":"open","template":"","meta":[],"categories":[1],"tags":[],"acf":[],"_links":{"self":[{"href":"https:\/\/cibersale.com.br\/es\/wp-json\/wp\/v2\/pages\/582"}],"collection":[{"href":"https:\/\/cibersale.com.br\/es\/wp-json\/wp\/v2\/pages"}],"about":[{"href":"https:\/\/cibersale.com.br\/es\/wp-json\/wp\/v2\/types\/page"}],"author":[{"embeddable":true,"href":"https:\/\/cibersale.com.br\/es\/wp-json\/wp\/v2\/users\/2"}],"replies":[{"embeddable":true,"href":"https:\/\/cibersale.com.br\/es\/wp-json\/wp\/v2\/comments?post=582"}],"version-history":[{"count":1,"href":"https:\/\/cibersale.com.br\/es\/wp-json\/wp\/v2\/pages\/582\/revisions"}],"predecessor-version":[{"id":1607,"href":"https:\/\/cibersale.com.br\/es\/wp-json\/wp\/v2\/pages\/582\/revisions\/1607"}],"up":[{"embeddable":true,"href":"https:\/\/cibersale.com.br\/es\/wp-json\/wp\/v2\/pages\/1481"}],"wp:attachment":[{"href":"https:\/\/cibersale.com.br\/es\/wp-json\/wp\/v2\/media?parent=582"}],"wp:term":[{"taxonomy":"category","embeddable":true,"href":"https:\/\/cibersale.com.br\/es\/wp-json\/wp\/v2\/categories?post=582"},{"taxonomy":"post_tag","embeddable":true,"href":"https:\/\/cibersale.com.br\/es\/wp-json\/wp\/v2\/tags?post=582"}],"curies":[{"name":"wp","href":"https:\/\/api.w.org\/{rel}","templated":true}]}}