{"id":3164,"date":"2018-01-23T19:42:49","date_gmt":"2018-01-23T22:42:49","guid":{"rendered":"https:\/\/cibersale.com.br\/?page_id=3164"},"modified":"2018-01-23T19:42:49","modified_gmt":"2018-01-23T22:42:49","slug":"reservas-de-terceros","status":"publish","type":"page","link":"https:\/\/cibersale.com.br\/es\/reservas-de-terceros\/","title":{"rendered":"Reservas de terceros"},"content":{"rendered":"\n                <div class='gf_browser_gecko gform_wrapper' id='gform_wrapper_10' style='display:none'><a id='gf_10' class='gform_anchor' ><\/a><form method='post' enctype='multipart\/form-data' target='gform_ajax_frame_10' id='gform_10'  action='\/es\/wp-json\/wp\/v2\/pages\/3164#gf_10'>\n                        <div class='gform_heading'>\n                            <span class='gform_description'><\/span>\n                        <\/div>\n                        <div class='gform_body'><ul id='gform_fields_10' class='gform_fields top_label form_sublabel_below description_below'><li id='field_10_45' class='gfield gfield_contains_required field_sublabel_below field_description_below gfield_visibility_visible' ><label class='gfield_label gfield_label_before_complex' for='input_10_45_3' >Reserva a nombre de<span class='gfield_required'>*<\/span><\/label><div class='ginput_complex ginput_container no_prefix has_first_name no_middle_name has_last_name no_suffix gf_name_has_2 ginput_container_name gfield_trigger_change' id='input_10_45'>\n                            \n                            <span id='input_10_45_3_container' class='name_first' >\n                                                    <input type='text' name='input_45.3' id='input_10_45_3' value='' aria-label='Nombre' tabindex='2'  aria-required=\"true\" aria-invalid=\"false\" \/>\n                                                    <label for='input_10_45_3' >Nombre (Nome)<\/label>\n                                                <\/span>\n                            \n                            <span id='input_10_45_6_container' class='name_last' >\n                                                    <input type='text' name='input_45.6' id='input_10_45_6' value='' aria-label='Apellidos' tabindex='4'  aria-required=\"true\" aria-invalid=\"false\" \/>\n                                                    <label for='input_10_45_6' >Apellido (Sobrenome)<\/label>\n                                                <\/span>\n                            \n                        <\/div><\/li><li id='field_10_49' class='gfield gform_hidden field_sublabel_below field_description_below gfield_visibility_visible' ><input name='input_49' id='input_10_49' type='hidden' class='gform_hidden'  aria-invalid=\"false\" value='marian' \/><\/li><li id='field_10_7' class='gfield gfield_contains_required field_sublabel_below field_description_below gfield_visibility_visible' ><label class='gfield_label' for='input_10_7' >Email<span class='gfield_required'>*<\/span><\/label><div class='ginput_container ginput_container_email'>\n                            <input name='input_7' id='input_10_7' type='text' value='' class='medium' tabindex='6'    aria-required=\"true\" aria-invalid=\"false\"\/>\n                        <\/div><\/li><li id='field_10_32' class='gfield gfield_contains_required field_sublabel_below field_description_below gfield_visibility_visible' ><label class='gfield_label' for='input_10_32' >Tel\u00e9fono<span class='gfield_required'>*<\/span><\/label><div class='ginput_container ginput_container_phone'><input name='input_32' id='input_10_32' type='text' value='' class='medium' tabindex='7'   aria-required=\"true\" aria-invalid=\"false\" \/><\/div><div class='gfield_description'>WhatsApp<\/div><\/li><li id='field_10_35' class='gfield gfield_contains_required field_sublabel_below field_description_below gfield_visibility_visible' ><label class='gfield_label gfield_label_before_complex' for='input_10_35_shim' >Hu\u00e9spedes<span class='gfield_required'>*<\/span><\/label><style type=\"text\/css\">\n\n\t\t\t\t\t\tbody .ginput_container_list table.gfield_list tbody tr td.gfield_list_icons {\n\t\t\t\t\t\t\tvertical-align: middle !important;\n\t\t\t\t\t\t}\n\n\t\t\t\t\t\tbody .ginput_container_list table.gfield_list tbody tr td.gfield_list_icons img.add_list_item,\n\t\t\t\t\t\tbody .ginput_container_list table.gfield_list tbody tr td.gfield_list_icons img.delete_list_item {\n\t\t\t\t\t\t\tbackground-color: transparent !important;\n\t\t\t\t\t\t\tbackground-position: 0 0;\n\t\t\t\t\t\t\tbackground-size: 16px 16px !important;\n\t\t\t\t\t\t\tbackground-repeat: no-repeat;\n\t\t\t\t\t\t\tborder: none !important;\n\t\t\t\t\t\t\twidth: 16px !important;\n\t\t\t\t\t\t\theight: 16px !important;\n\t\t\t\t\t\t\topacity: 0.5;\n\t\t\t\t\t\t\ttransition: opacity .5s ease-out;\n\t\t\t\t\t\t    -moz-transition: opacity .5s ease-out;\n\t\t\t\t\t\t    -webkit-transition: opacity .5s ease-out;\n\t\t\t\t\t\t    -o-transition: opacity .5s ease-out;\n\t\t\t\t\t\t}\n\n\t\t\t\t\t\tbody .ginput_container_list table.gfield_list tbody tr td.gfield_list_icons img.add_list_item:hover,\n\t\t\t\t\t\tbody .ginput_container_list table.gfield_list tbody tr td.gfield_list_icons img.delete_list_item:hover {\n\t\t\t\t\t\t\topacity: 1.0;\n\t\t\t\t\t\t}\n\n\t\t\t\t\t\t<\/style><div class='ginput_container ginput_container_list ginput_list'><input type='text' id='input_10_35_shim' style='position:absolute;left:-999em;' onfocus='jQuery( \"#field_10_35 table tr td:first-child input\" ).focus();' \/><table class='gfield_list gfield_list_container'><colgroup><col id='gfield_list_35_col_1' class='gfield_list_col_odd' \/><col id='gfield_list_35_col_2' class='gfield_list_col_even' \/><col id='gfield_list_35_col_3' class='gfield_list_col_odd' \/><\/colgroup><thead><tr><th>Primer Nombre<\/th><th>Edad<\/th><th>&nbsp;<\/th><\/tr><\/thead><tbody><tr class='gfield_list_row_odd gfield_list_group'><td class='gfield_list_cell gfield_list_35_cell1' data-label='Primer Nombre'><input type='text' name='input_35[]' value='' tabindex='8' \/><\/td><td class='gfield_list_cell gfield_list_35_cell2' data-label='Edad'><input type='text' name='input_35[]' value='' tabindex='9' \/><\/td><td class='gfield_list_icons'>   <img src='https:\/\/cibersale.com.br\/wp-content\/plugins\/gravityforms\/images\/list-add.svg' class='add_list_item '  title='A\u00f1adir otra fila' alt='A\u00f1ade una nueva fila' onclick='gformAddListItem(this, 0)' onkeypress='gformAddListItem(this, 0)' style='cursor:pointer;' tabindex='10'\/>   <img src='https:\/\/cibersale.com.br\/wp-content\/plugins\/gravityforms\/images\/list-remove.svg' class='delete_list_item'  title='Borrar esta fila' alt='Borrar esta fila' onclick='gformDeleteListItem(this, 0)' onkeypress='gformDeleteListItem(this, 0)' style='cursor:pointer; visibility:hidden;' tabindex='11'\/><\/td><\/tr><\/tbody><\/table><\/div><div class='gfield_description'>Por favor alistar TODOS los hu\u00e9spedes. Click en el signo + a la derecha para agregar renglones.<\/div><\/li><li id='field_10_37' class='gfield gfield_html gfield_html_formatted field_sublabel_below field_description_below gfield_visibility_visible' >Todos los hu\u00e9spedes, adultos y ni\u00f1os. Para a\u00f1adir a la lista haz click en el signo + a la derecha.<\/li><li id='field_10_8' class='gfield gfield_contains_required field_sublabel_below field_description_below gfield_visibility_visible' ><label class='gfield_label' for='input_10_8' >Pais de Origen<span class='gfield_required'>*<\/span><\/label><div class='ginput_container ginput_container_select'><select name='input_8' id='input_10_8'  class='small gfield_select' tabindex='12'  aria-required=\"true\" aria-invalid=\"false\"><option value='' >--<\/option><option value='Argentina' >Argentina<\/option><option value='Chile' >Chile<\/option><option value='Paraguay' >Paraguay<\/option><option value='Bolivia' >Bolivia<\/option><option value='Uruguay' >Uruguay<\/option><option value='Brasil' >Brasil<\/option><option value='Otro pa\u00eds' >Otro pa\u00eds<\/option><\/select><\/div><\/li><li id='field_10_9' class='gfield gfield_contains_required field_sublabel_below field_description_below gfield_visibility_visible' ><label class='gfield_label' for='input_10_9' >Medio de transporte<span class='gfield_required'>*<\/span><\/label><div class='ginput_container ginput_container_select'><select name='input_9' id='input_10_9' onchange='gf_apply_rules(10,[46,47]);' class='small gfield_select' tabindex='13'  aria-required=\"true\" aria-invalid=\"false\"><option value='' >--<\/option><option value='Veh\u00edculo propio auto' >Veh\u00edculo propio AUTO<\/option><option value='Camioneta' >Camioneta<\/option><option value='Autob\u00fas' >Autob\u00fas<\/option><option value='Avi\u00f3n' >Avi\u00f3n<\/option><\/select><\/div><\/li><li id='field_10_46' class='gfield field_sublabel_below field_description_below gfield_visibility_visible' ><label class='gfield_label' for='input_10_46' >\u00daltimos 3 n\u00fameros de la patente del veh\u00edculo (si est\u00e1 disponible)<\/label><div class='ginput_container ginput_container_text'><input name='input_46' id='input_10_46' type='text' value='' class='small'  tabindex='14'    aria-invalid=\"false\" \/><\/div><\/li><li id='field_10_47' class='gfield field_sublabel_below field_description_below gfield_visibility_visible' ><label class='gfield_label' for='input_10_47' >N\u00famero de vuelo (si est\u00e1 disponible).<\/label><div class='ginput_container ginput_container_text'><input name='input_47' id='input_10_47' type='text' value='' class='small'  tabindex='15'    aria-invalid=\"false\" \/><\/div><\/li><li id='field_10_48' class='gfield gfield_contains_required field_sublabel_below field_description_below gfield_visibility_visible' ><label class='gfield_label' for='input_10_48' >FECHAS ENTRADA SALIDA Y LUGAR<span class='gfield_required'>*<\/span><\/label><div class='ginput_container ginput_container_phone'><input name='input_48' id='input_10_48' type='text' value='' class='small' tabindex='16'   aria-required=\"true\" aria-invalid=\"false\" \/><\/div><\/li><li id='field_10_26' class='gfield gsection field_sublabel_below field_description_below gfield_visibility_visible' ><h2 class='gsection_title'>Datos para la reserva<\/h2><\/li><li id='field_10_36' class='gfield gfield_html gfield_html_formatted gfield_no_follows_desc field_sublabel_below field_description_below gfield_visibility_visible' >Por favor selecciona el m\u00e9todo de pago.<\/li><li id='field_10_11' class='gfield gfield_contains_required field_sublabel_below field_description_below gfield_visibility_visible' ><label class='gfield_label' for='input_10_11' >Medio de pago<span class='gfield_required'>*<\/span><\/label><div class='ginput_container ginput_container_select'><select name='input_11' id='input_10_11' onchange='gf_apply_rules(10,[43]);' class='medium gfield_select' tabindex='17'  aria-required=\"true\" aria-invalid=\"false\"><option value='bb' >Deposito Banco do Brasil<\/option><option value='itau' >Deposito Banco Itau<\/option><option value='paypal' >PayPal +8,75% TENES QUE TENER O ABRIR CUENTA<\/option><option value='tarjeta' >Tarjeta de Cr\u00e9dito Internacional +7,5% VISA O MASTERCARD<\/option><option value='westernunion' >WesternUnion +9,95% PAGAS EN PESOS EN EL CORREO<\/option><\/select><\/div><div class='gfield_description'>Escoge el medio de pago de la reserva<\/div><\/li><li id='field_10_43' class='gfield gfield_html gfield_html_formatted field_sublabel_below field_description_below gfield_visibility_visible' >Te mandaremos por e-mail los datos para pagar por este medio.<\/li>\n                            <\/ul><\/div>\n        <div class='gform_footer top_label'> <input type='submit' id='gform_submit_button_10' class='gform_button button' value='Quiero continuar con la reserva!' tabindex='18' onclick='if(window[\"gf_submitting_10\"]){return false;}  window[\"gf_submitting_10\"]=true;  ' onkeypress='if( event.keyCode == 13 ){ if(window[\"gf_submitting_10\"]){return false;} window[\"gf_submitting_10\"]=true;  jQuery(\"#gform_10\").trigger(\"submit\",[true]); }' \/> <input type='hidden' name='gform_ajax' value='form_id=10&amp;title=&amp;description=1&amp;tabindex=1' \/>\n            <input type='hidden' class='gform_hidden' name='is_submit_10' value='1' \/>\n            <input type='hidden' class='gform_hidden' name='gform_submit' value='10' \/>\n            \n            <input type='hidden' class='gform_hidden' name='gform_unique_id' value='' \/>\n            <input type='hidden' class='gform_hidden' name='state_10' value='WyJbXSIsIjEyMTQ4NmFkOWRhM2ZhNDhmZTY5NDZjMTZkMzcwYTFkIl0=' \/>\n            <input type='hidden' class='gform_hidden' name='gform_target_page_number_10' id='gform_target_page_number_10' value='0' \/>\n            <input type='hidden' class='gform_hidden' name='gform_source_page_number_10' id='gform_source_page_number_10' value='1' \/>\n            <input type='hidden' name='gform_field_values' value='' \/>\n            \n        <\/div>\n                        <\/form>\n                        <\/div>\n                <iframe style='display:none;width:0px;height:0px;' src='about:blank' name='gform_ajax_frame_10' id='gform_ajax_frame_10'>Este iframe contiene la l\u00f3gica necesaria para gestionar formularios con ajax activado.<\/iframe>\n                <script type='text\/javascript'>jQuery(document).ready(function($){gformInitSpinner( 10, 'https:\/\/cibersale.com.br\/wp-content\/plugins\/gravityforms\/images\/spinner.gif' );jQuery('#gform_ajax_frame_10').load( function(){var contents = jQuery(this).contents().find('*').html();var is_postback = contents.indexOf('GF_AJAX_POSTBACK') >= 0;if(!is_postback){return;}var form_content = jQuery(this).contents().find('#gform_wrapper_10');var is_confirmation = jQuery(this).contents().find('#gform_confirmation_wrapper_10').length > 0;var is_redirect = contents.indexOf('gformRedirect(){') >= 0;var is_form = form_content.length > 0 && ! is_redirect && ! is_confirmation;if(is_form){jQuery('#gform_wrapper_10').html(form_content.html());if(form_content.hasClass('gform_validation_error')){jQuery('#gform_wrapper_10').addClass('gform_validation_error');} else {jQuery('#gform_wrapper_10').removeClass('gform_validation_error');}setTimeout( function() { \/* delay the scroll by 50 milliseconds to fix a bug in chrome *\/ jQuery(document).scrollTop(jQuery('#gform_wrapper_10').offset().top); }, 50 );if(window['gformInitDatepicker']) {gformInitDatepicker();}if(window['gformInitPriceFields']) {gformInitPriceFields();}var current_page = jQuery('#gform_source_page_number_10').val();gformInitSpinner( 10, 'https:\/\/cibersale.com.br\/wp-content\/plugins\/gravityforms\/images\/spinner.gif' );jQuery(document).trigger('gform_page_loaded', [10, current_page]);window['gf_submitting_10'] = false;}else if(!is_redirect){var confirmation_content = jQuery(this).contents().find('.GF_AJAX_POSTBACK').html();if(!confirmation_content){confirmation_content = contents;}setTimeout(function(){jQuery('#gform_wrapper_10').replaceWith(confirmation_content);jQuery(document).scrollTop(jQuery('#gf_10').offset().top);jQuery(document).trigger('gform_confirmation_loaded', [10]);window['gf_submitting_10'] = false;}, 50);}else{jQuery('#gform_10').append(contents);if(window['gformRedirect']) {gformRedirect();}}jQuery(document).trigger('gform_post_render', [10, current_page]);} );} );<\/script><script type='text\/javascript'> if(typeof gf_global == 'undefined') var gf_global = {\"gf_currency_config\":{\"name\":\"Real Brasile\\u00f1o\",\"symbol_left\":\"R$\",\"symbol_right\":\"\",\"symbol_padding\":\" \",\"thousand_separator\":\".\",\"decimal_separator\":\",\",\"decimals\":2},\"base_url\":\"https:\\\/\\\/cibersale.com.br\\\/wp-content\\\/plugins\\\/gravityforms\",\"number_formats\":[],\"spinnerUrl\":\"https:\\\/\\\/cibersale.com.br\\\/wp-content\\\/plugins\\\/gravityforms\\\/images\\\/spinner.gif\"};jQuery(document).bind('gform_post_render', function(event, formId, currentPage){if(formId == 10) {gf_global[\"number_formats\"][10] = {\"45\":{\"price\":false,\"value\":false},\"49\":{\"price\":false,\"value\":false},\"7\":{\"price\":false,\"value\":false},\"32\":{\"price\":false,\"value\":false},\"35\":{\"price\":false,\"value\":false},\"37\":{\"price\":false,\"value\":false},\"8\":{\"price\":false,\"value\":false},\"9\":{\"price\":false,\"value\":false},\"46\":{\"price\":false,\"value\":false},\"47\":{\"price\":false,\"value\":false},\"48\":{\"price\":false,\"value\":false},\"26\":{\"price\":false,\"value\":false},\"36\":{\"price\":false,\"value\":false},\"11\":{\"price\":false,\"value\":false},\"43\":{\"price\":false,\"value\":false}};if(window['jQuery']){if(!window['gf_form_conditional_logic'])window['gf_form_conditional_logic'] = new Array();window['gf_form_conditional_logic'][10] = { logic: { 46: {\"field\":{\"actionType\":\"show\",\"logicType\":\"any\",\"rules\":[{\"fieldId\":\"9\",\"operator\":\"is\",\"value\":\"Veh\\u00edculo propio auto\"},{\"fieldId\":\"9\",\"operator\":\"is\",\"value\":\"Camioneta\"}]},\"nextButton\":null,\"section\":null},47: {\"field\":{\"actionType\":\"show\",\"logicType\":\"all\",\"rules\":[{\"fieldId\":\"9\",\"operator\":\"is\",\"value\":\"Avi\\u00f3n\"}]},\"nextButton\":null,\"section\":null},43: {\"field\":{\"actionType\":\"show\",\"logicType\":\"any\",\"rules\":[{\"fieldId\":\"11\",\"operator\":\"is\",\"value\":\"paypal\"},{\"fieldId\":\"11\",\"operator\":\"is\",\"value\":\"moneygram\"},{\"fieldId\":\"11\",\"operator\":\"is\",\"value\":\"westernunion\"}]},\"nextButton\":null,\"section\":\"\"} }, dependents: { 46: [46],47: [47],43: [43] }, animation: 1, defaults: {\"45\":{\"45.2\":\"\",\"45.3\":\"\",\"45.4\":\"\",\"45.6\":\"\",\"45.8\":\"\"},\"49\":\"marian\",\"8\":\"\",\"9\":\"\"}, fields: {\"45\":[],\"49\":[],\"7\":[],\"32\":[],\"35\":[],\"37\":[],\"8\":[],\"9\":[46,47],\"46\":[],\"47\":[],\"48\":[],\"26\":[],\"36\":[],\"11\":[43],\"43\":[]} }; if(!window['gf_number_format'])window['gf_number_format'] = 'decimal_comma';jQuery(document).ready(function(){gf_apply_rules(10, [46,47,43], true);jQuery('#gform_wrapper_10').show();jQuery(document).trigger('gform_post_conditional_logic', [10, null, true]);} );} } } );jQuery(document).bind('gform_post_conditional_logic', function(event, formId, fields, isInit){} );<\/script><script type='text\/javascript'> jQuery(document).ready(function(){jQuery(document).trigger('gform_post_render', [10, 1]) } ); <\/script>\n","protected":false},"excerpt":{"rendered":"","protected":false},"author":1,"featured_media":0,"parent":0,"menu_order":0,"comment_status":"closed","ping_status":"closed","template":"page-homepage-blank.php","meta":[],"categories":[],"tags":[],"acf":[],"_links":{"self":[{"href":"https:\/\/cibersale.com.br\/es\/wp-json\/wp\/v2\/pages\/3164"}],"collection":[{"href":"https:\/\/cibersale.com.br\/es\/wp-json\/wp\/v2\/pages"}],"about":[{"href":"https:\/\/cibersale.com.br\/es\/wp-json\/wp\/v2\/types\/page"}],"author":[{"embeddable":true,"href":"https:\/\/cibersale.com.br\/es\/wp-json\/wp\/v2\/users\/1"}],"replies":[{"embeddable":true,"href":"https:\/\/cibersale.com.br\/es\/wp-json\/wp\/v2\/comments?post=3164"}],"version-history":[{"count":0,"href":"https:\/\/cibersale.com.br\/es\/wp-json\/wp\/v2\/pages\/3164\/revisions"}],"wp:attachment":[{"href":"https:\/\/cibersale.com.br\/es\/wp-json\/wp\/v2\/media?parent=3164"}],"wp:term":[{"taxonomy":"category","embeddable":true,"href":"https:\/\/cibersale.com.br\/es\/wp-json\/wp\/v2\/categories?post=3164"},{"taxonomy":"post_tag","embeddable":true,"href":"https:\/\/cibersale.com.br\/es\/wp-json\/wp\/v2\/tags?post=3164"}],"curies":[{"name":"wp","href":"https:\/\/api.w.org\/{rel}","templated":true}]}}