{"id":2018,"date":"2014-05-04T20:42:34","date_gmt":"2014-05-04T23:42:34","guid":{"rendered":"https:\/\/cibersale.com.br\/?page_id=2018"},"modified":"2022-04-25T11:13:52","modified_gmt":"2022-04-25T14:13:52","slug":"news-de-cibersale-2020-floripa","status":"publish","type":"page","link":"https:\/\/cibersale.com.br\/es\/news-de-cibersale-2020-floripa\/","title":{"rendered":"Bolet\u00edn informativo: Cibersale News 2023"},"content":{"rendered":"<p>Hola! Si ya est\u00e1s recibiendo los <strong>News de Cibersale<\/strong> no es necesario que te anotes de nuevo.<\/p>\n<p>Si ya te anotaste pero no lo est\u00e1s recibiendo, fijate en el spam o correo no deseado.<\/p>\n<p><img src=\"\/\/cibersale.com.br\/wp-content\/uploads\/AGREGAME.png\" alt=\"Agregame a tus contactos para recibir la info y que no se te vaya a correo no deseado\" \/><br \/>\nHotmail est\u00e1 complicado para que te lleguen los emails. Si no te llega nada, vas a tener que agregarme para que no se vaya al <strong>spam o correo no deseado<\/strong>.<\/p>\n<p>Si todavia no te anotaste, este es el formulario para que te inscribas:<\/p>\n<div id='wp_email_capture_2' class='wp-email-capture wp-email-capture-display'><form id='wpec_form' class='wpec-class69f4e0e4dc0f2' name='wp_email_capture_display' method='post' action='https:\/\/cibersale.com.br\/'>\n<label class='wp-email-capture-name wp-email-capture-label wp-email-capture-display-worldwide wp-email-capture-name-display wp-email-capture-name-label wp-email-capture-name-label-display' for='wp-email-capture-name-display'>Nombre:<\/label> <input name='wp-email-capture-name' id='wp-email-capture-name-display' type='text' class='wp-email-capture-name wp-email-capture-label wp-email-capture-display-worldwide wp-email-capture-name-display wp-email-capture-name-input wp-email-capture-name-input-display' title='Name' \/><br\/>\n<label class='wp-email-capture-email wp-email-capture-label wp-email-capture-display wp-email-capture-email-display wp-email-capture-email-label wp-email-capture-email-label-display' for='wp-email-capture-email-display'>E-mail:<\/label> <input name='wp-email-capture-email' id='wp-email-capture-email-display' type='text' class='wp-email-capture-email wp-email-capture-input wp-email-capture-display wp-email-capture-email-display wp-email-capture-email-input wp-email-capture-email-input-display' title='Email' \/><br\/>\n<input type='hidden' name='wp_capture_action' value='1' \/>\n<input name='Submit' type='submit' value='Submit' class='wp-email-capture-submit' \/><\/form><\/div>\n\n<div class='td_quote_box td_box_center'><p>Actualizado el <strong>lunes 25 de abril del 2022<\/strong> (hace 4 a\u00f1os)<\/p><\/div>\n<p><a href=\"https:\/\/cibersale.com.br\/wp-content\/uploads\/cibersalenews2019.jpg\"><img loading=\"lazy\" class=\"alignnone size-large wp-image-3260\" src=\"https:\/\/cibersale.com.br\/wp-content\/uploads\/cibersalenews2019-1024x512.jpg\" alt=\"\" width=\"700\" height=\"350\" srcset=\"https:\/\/cibersale.com.br\/wp-content\/uploads\/cibersalenews2019-1024x512.jpg 1024w, https:\/\/cibersale.com.br\/wp-content\/uploads\/cibersalenews2019-696x348.jpg 696w, https:\/\/cibersale.com.br\/wp-content\/uploads\/cibersalenews2019-1068x534.jpg 1068w, https:\/\/cibersale.com.br\/wp-content\/uploads\/cibersalenews2019-840x420.jpg 840w, https:\/\/cibersale.com.br\/wp-content\/uploads\/cibersalenews2019-300x150.jpg 300w, https:\/\/cibersale.com.br\/wp-content\/uploads\/cibersalenews2019-768x384.jpg 768w, https:\/\/cibersale.com.br\/wp-content\/uploads\/cibersalenews2019-700x350.jpg 700w, https:\/\/cibersale.com.br\/wp-content\/uploads\/cibersalenews2019-714x357.jpg 714w, https:\/\/cibersale.com.br\/wp-content\/uploads\/cibersalenews2019-966x483.jpg 966w, https:\/\/cibersale.com.br\/wp-content\/uploads\/cibersalenews2019.jpg 1200w\" sizes=\"(max-width: 700px) 100vw, 700px\" \/><\/a><\/p>\n<h2>\u00bfQu\u00e9 es el Cibersale News 2023?<\/h2>\n<p>Es un <em>Bolet\u00edn informativo (newsletter) con datos \u00fatiles para viajar a Brasil<\/em>\u00a0que mando mensulamente a partir del mes de junio. Son datos sobre Florian\u00f3polis, Brasil.<\/p>\n<p>Como hacer el presupuesto, cu\u00e1nta plata necesito para viajar. Qu\u00e9 actividades se pueden hacer en Florian\u00f3polis, cu\u00e1les son las <strong>playas imperdibles de Floripa<\/strong>, c\u00f3mo manejarse en bus, d\u00f3nde hacer las compras, etc.<\/p>\n<p>Algunos han visto pr\u00e1ctico imprimir estos News antes de viajar a Florian\u00f3polis o alg\u00fan otro lugar de Brasil.<\/p>\n<p>Tambi\u00e9n en el <strong>Bolet\u00edn informativo de Cibersale<\/strong>\u00a0van datos de <em>arriendos o alquileres en Floripa<\/em>, cu\u00e1les son la mejores fechas para alquilar, las ofertas (<strong>alquileres baratos<\/strong>) y c\u00f3mo reservar.<\/p>\n<p>Si este a\u00f1o tenes ganas de venir a Brasil, aunque parezca dif\u0129cil,\u00a0<em>no te los pierdas!!!<\/em>. Pero asegurate de escribir bien tu email. Deber\u00edas recibir un pedido de confirmaci\u00f3n con un link para activar la cuenta. Si no te llega fijate en el correo no deseado.<\/p>\n<p>Buenos preparativos!!! Y estamos en contacto para lo que necesites&#8230;<\/p>\n","protected":false},"excerpt":{"rendered":"<p>Formulario para recibir el News semanal de Cibersale.<\/p>\n","protected":false},"author":2,"featured_media":3260,"parent":0,"menu_order":0,"comment_status":"open","ping_status":"closed","template":"","meta":[],"categories":[],"tags":[],"acf":[],"_links":{"self":[{"href":"https:\/\/cibersale.com.br\/es\/wp-json\/wp\/v2\/pages\/2018"}],"collection":[{"href":"https:\/\/cibersale.com.br\/es\/wp-json\/wp\/v2\/pages"}],"about":[{"href":"https:\/\/cibersale.com.br\/es\/wp-json\/wp\/v2\/types\/page"}],"author":[{"embeddable":true,"href":"https:\/\/cibersale.com.br\/es\/wp-json\/wp\/v2\/users\/2"}],"replies":[{"embeddable":true,"href":"https:\/\/cibersale.com.br\/es\/wp-json\/wp\/v2\/comments?post=2018"}],"version-history":[{"count":3,"href":"https:\/\/cibersale.com.br\/es\/wp-json\/wp\/v2\/pages\/2018\/revisions"}],"predecessor-version":[{"id":4390,"href":"https:\/\/cibersale.com.br\/es\/wp-json\/wp\/v2\/pages\/2018\/revisions\/4390"}],"wp:featuredmedia":[{"embeddable":true,"href":"https:\/\/cibersale.com.br\/es\/wp-json\/wp\/v2\/media\/3260"}],"wp:attachment":[{"href":"https:\/\/cibersale.com.br\/es\/wp-json\/wp\/v2\/media?parent=2018"}],"wp:term":[{"taxonomy":"category","embeddable":true,"href":"https:\/\/cibersale.com.br\/es\/wp-json\/wp\/v2\/categories?post=2018"},{"taxonomy":"post_tag","embeddable":true,"href":"https:\/\/cibersale.com.br\/es\/wp-json\/wp\/v2\/tags?post=2018"}],"curies":[{"name":"wp","href":"https:\/\/api.w.org\/{rel}","templated":true}]}}