{"id":1783,"date":"2013-06-20T18:03:30","date_gmt":"2013-06-20T21:03:30","guid":{"rendered":"https:\/\/cibersale.com.br\/?page_id=1783"},"modified":"2023-10-26T19:05:46","modified_gmt":"2023-10-26T22:05:46","slug":"la-posada-de-erica","status":"publish","type":"page","link":"https:\/\/cibersale.com.br\/es\/la-posada-de-erica\/","title":{"rendered":"La posada de Erica"},"content":{"rendered":"<p><img class=\"aligncenter\" src=\"https:\/\/cibersale.com.br\/wp-content\/uploads\/Cibersale2014_PlayaDeLosIngleses_ERICAcbs_dsc00001.jpg\" alt=\"\" width=\"530\" \/><\/p>\n<p>La posada de Erica en <a href=\"https:\/\/cibersale.com.br\/es\/go\/ingleses\">Praia dos Ingleses<\/a> es un lugar agradable, seguro y familiar. Est\u00e1 en una zona con movimiento, a 1200 metros de la playa. A 100 metros de supermercados. Hay panaderia y restaurantes cerca.<\/p>\n<p><iframe loading=\"lazy\" style=\"border: 0;\" src=\"https:\/\/www.google.com\/maps\/embed?pb=!1m18!1m12!1m3!1d3540.8247713405817!2d-48.39803298430882!3d-27.44357122216402!2m3!1f0!2f0!3f0!3m2!1i1024!2i768!4f13.1!3m3!1m2!1s0x95276a06d059d7c5%3A0xea443b4184c497dd!2sR.+Jo%C3%A3o+Patr%C3%ADcio%2C+190+-+Ingleses+do+Rio+Vermelho%2C+Florian%C3%B3polis+-+SC%2C+88058-435%2C+Brasil!5e0!3m2!1spt-BR!2sus!4v1480423842518\" width=\"100%\" height=\"300\" frameborder=\"0\" allowfullscreen=\"allowfullscreen\"><\/iframe><\/p>\n<p>Tiene 5 departamentos muy lindos, limpios y bien arreglados. La atenci\u00f3n de la due\u00f1a, que\u00a0 vive en la planta baja, es muy buena.<\/p>\n<p>Los departamentos tienen un dormitorio matrimonial y sof\u00e1 cama en el living comedor. Cocina comedor completa.<\/p>\n<p><img class=\"aligncenter\" src=\"https:\/\/cibersale.com.br\/wp-content\/uploads\/Cibersale2014_PlayaDeLosIngleses_ERICAcbs_DSC0041.jpg\" alt=\"\" width=\"530\" \/><\/p>\n<p>El estacionamiento es cubierto, un auto por departamento. La terraza tiene una hermosa vista del cerro de los Ingleses.<\/p>\n<p>Es un lugar ideal para pasar unas vacaciones tranquilas, ahorrando en el rubro alquiler.<\/p>\n<div class='td_quote_box td_box_center'><p>Actualizado el <strong>jueves 26 de octubre del 2023<\/strong> (hace 3 a\u00f1os)<\/p><\/div>\n<p>[cbs_calendar id=113]<br \/>\n[cbs_calendar id=116]<br \/>\n[cbs_calendar id=115]<br \/>\n[cbs_calendar id=114]<br \/>\n[cbs_calendar id=188]<\/p>\n","protected":false},"excerpt":{"rendered":"<p>Una posada econ\u00f3mica, a 1200 metros de la playa, en Playa de los Ingleses, Florian\u00f3polis. Un lugar seguro y familiar. Alquiler econ\u00f3mico<br \/>\nAlquiler econ\u00f3mico, posada a 1200 metros de la playa, en Playa de los Ingleses, Florian\u00f3polis. Un lugar seguro y familiar. Departamentos  4-6 personas.<\/p>\n","protected":false},"author":2,"featured_media":1784,"parent":0,"menu_order":0,"comment_status":"open","ping_status":"open","template":"","meta":[],"categories":[182,187,178,188],"tags":[],"acf":[],"_links":{"self":[{"href":"https:\/\/cibersale.com.br\/es\/wp-json\/wp\/v2\/pages\/1783"}],"collection":[{"href":"https:\/\/cibersale.com.br\/es\/wp-json\/wp\/v2\/pages"}],"about":[{"href":"https:\/\/cibersale.com.br\/es\/wp-json\/wp\/v2\/types\/page"}],"author":[{"embeddable":true,"href":"https:\/\/cibersale.com.br\/es\/wp-json\/wp\/v2\/users\/2"}],"replies":[{"embeddable":true,"href":"https:\/\/cibersale.com.br\/es\/wp-json\/wp\/v2\/comments?post=1783"}],"version-history":[{"count":6,"href":"https:\/\/cibersale.com.br\/es\/wp-json\/wp\/v2\/pages\/1783\/revisions"}],"predecessor-version":[{"id":4960,"href":"https:\/\/cibersale.com.br\/es\/wp-json\/wp\/v2\/pages\/1783\/revisions\/4960"}],"wp:featuredmedia":[{"embeddable":true,"href":"https:\/\/cibersale.com.br\/es\/wp-json\/wp\/v2\/media\/1784"}],"wp:attachment":[{"href":"https:\/\/cibersale.com.br\/es\/wp-json\/wp\/v2\/media?parent=1783"}],"wp:term":[{"taxonomy":"category","embeddable":true,"href":"https:\/\/cibersale.com.br\/es\/wp-json\/wp\/v2\/categories?post=1783"},{"taxonomy":"post_tag","embeddable":true,"href":"https:\/\/cibersale.com.br\/es\/wp-json\/wp\/v2\/tags?post=1783"}],"curies":[{"name":"wp","href":"https:\/\/api.w.org\/{rel}","templated":true}]}}