{"id":1595,"date":"2012-09-07T17:53:02","date_gmt":"2012-09-07T20:53:02","guid":{"rendered":"https:\/\/cibersale.com.br\/?page_id=1595"},"modified":"2014-09-04T12:28:02","modified_gmt":"2014-09-04T15:28:02","slug":"las-casas-de-martha-y-martin","status":"publish","type":"page","link":"https:\/\/cibersale.com.br\/es\/florianopolis-alquileres-casas-posadas\/las-casas-de-martha-y-martin\/","title":{"rendered":"Las casas de Martha y Mart\u00edn"},"content":{"rendered":"<p>\nEn la hermosa<strong> playa de Lagoinha<\/strong>, rodeada de exuberante mata atl\u00e1ntica, a 300mts de la arena est\u00e1n las casas de Martha y Mart\u00edn.<br \/>\nUn lugar tranquilo y apacible rodeado de naturaleza:<\/p>\n<p><strong>Casa de Martha 1<\/strong><br \/>\nPara 5 \u00f3 6 personas<br \/>\nTiene 3 dormitorios, dos ba\u00f1os, living-comedor, terraza, estacionamiento.<br \/>\nDormitorios con ventilador de techo.<br \/>\nCocina equipada: heladera, microondas, lavarropas.<br \/>\n<img src=\"https:\/\/cibersale.com.br\/wp-content\/uploads\/Imagem-036.jpg\" alt=\"\" \/><br \/>\n<\/p>\n<p><strong>Casa de Martha 2<\/strong><br \/>\nPara 8 personas<br \/>\nTiene 3 dormitorios, 3 ba\u00f1os, living-comedor, estacionamiento.<br \/>\nTodos con ventiladores.<br \/>\nCocina equipada: heladera, microondas, lavarropas.<br \/>\n<img src=\"https:\/\/cibersale.com.br\/wp-content\/uploads\/CASA-MARTHA...jpg\" alt=\"\" \/><br \/>\n<img class=\"cibs\" src=\"https:\/\/cibersale.com.br\/wp-content\/uploads\/etoile3.png\" alt=\"\" width=\"150\" \/><br \/>\n<br \/>\n[cbs_calendar id=85]<\/p>\n<p>[cbs_calendar id=86]<br \/>\n<\/p>\n<hr \/>\n<p><strong>Casa de Mart\u00edn 1<\/strong><br \/>\nCasa para 8 personas<br \/>\nTiene 3 dormitorios, 2 ba\u00f1os, sala-comedor, terraza, estacionamiento.<br \/>\nEl dormitorio principal con aire acondicionado y ventilador de techo. Los otros dormitorios con ventilador de techo.<br \/>\nCocina equipada: heladera, microondas, lavarropas.<br \/>\n<img src=\"https:\/\/cibersale.com.br\/wp-content\/uploads\/DSC04256.jpg\" alt=\"\" \/><br \/>\n<\/p>\n<p><strong>Casa de Mart\u00edn 2<\/strong><br \/>\nPara 7 personas.<br \/>\nTiene 3 dormitorios, dos ba\u00f1os, living-comedor, terraza, estacionamiento.<br \/>\nEl dormitorio principal con aire acondicionado y ventilador de techo. Los otros dormitorios con ventilador de techo.<br \/>\nCocina equipada: heladera, microondas, lavarropas.<br \/>\n<img src=\"https:\/\/cibersale.com.br\/wp-content\/uploads\/CASA-MARTIN....jpg\" alt=\"\" \/><br \/>\n<\/p>\n<p><strong>Casa de Mart\u00edn 3<\/strong><br \/>\nPara 5 personas.<br \/>\nTiene 2 dormitorios, 2 ba\u00f1os, living-comedor, terraza, estacionamiento.<br \/>\nEl dormitorio principal con aire acondicionado, y ventilador de techo.<br \/>\nCocina equipada: heladera, microondas, lavarropas.<br \/>\n<img src=\"https:\/\/cibersale.com.br\/wp-content\/uploads\/DSC02162.jpg\" alt=\"\" \/><\/p>\n<p><img src=\"https:\/\/cibersale.com.br\/wp-content\/uploads\/Imagem-007.jpg\" alt=\"\" \/><\/p>\n<p>[cbs_calendar id=87]<\/p>\n<p>[cbs_calendar id=88]<\/p>\n<p>[cbs_calendar id=89]<\/p>\n<p>[cbs_calendar id=90]<\/p>\n","protected":false},"excerpt":{"rendered":"<p>Hermosas casas en Lagoinha, ambiente natural. 300 metros de la playa.<\/p>\n","protected":false},"author":2,"featured_media":0,"parent":1481,"menu_order":0,"comment_status":"open","ping_status":"closed","template":"","meta":[],"categories":[],"tags":[],"acf":[],"_links":{"self":[{"href":"https:\/\/cibersale.com.br\/es\/wp-json\/wp\/v2\/pages\/1595"}],"collection":[{"href":"https:\/\/cibersale.com.br\/es\/wp-json\/wp\/v2\/pages"}],"about":[{"href":"https:\/\/cibersale.com.br\/es\/wp-json\/wp\/v2\/types\/page"}],"author":[{"embeddable":true,"href":"https:\/\/cibersale.com.br\/es\/wp-json\/wp\/v2\/users\/2"}],"replies":[{"embeddable":true,"href":"https:\/\/cibersale.com.br\/es\/wp-json\/wp\/v2\/comments?post=1595"}],"version-history":[{"count":1,"href":"https:\/\/cibersale.com.br\/es\/wp-json\/wp\/v2\/pages\/1595\/revisions"}],"predecessor-version":[{"id":1597,"href":"https:\/\/cibersale.com.br\/es\/wp-json\/wp\/v2\/pages\/1595\/revisions\/1597"}],"up":[{"embeddable":true,"href":"https:\/\/cibersale.com.br\/es\/wp-json\/wp\/v2\/pages\/1481"}],"wp:attachment":[{"href":"https:\/\/cibersale.com.br\/es\/wp-json\/wp\/v2\/media?parent=1595"}],"wp:term":[{"taxonomy":"category","embeddable":true,"href":"https:\/\/cibersale.com.br\/es\/wp-json\/wp\/v2\/categories?post=1595"},{"taxonomy":"post_tag","embeddable":true,"href":"https:\/\/cibersale.com.br\/es\/wp-json\/wp\/v2\/tags?post=1595"}],"curies":[{"name":"wp","href":"https:\/\/api.w.org\/{rel}","templated":true}]}}