{"id":1481,"date":"2012-06-25T16:17:21","date_gmt":"2012-06-25T19:17:21","guid":{"rendered":"https:\/\/cibersale.com.br\/?page_id=1481"},"modified":"2014-07-10T16:55:21","modified_gmt":"2014-07-10T19:55:21","slug":"florianopolis-alquileres-casas-posadas","status":"publish","type":"page","link":"https:\/\/cibersale.com.br\/es\/florianopolis-alquileres-casas-posadas\/","title":{"rendered":"Florian\u00f3polis: Alquileres de casas y posadas"},"content":{"rendered":"<p>Por supuesto, el gasto de alquiler, el <strong>arriendo del verano<\/strong>, es una parte importante del <strong>gasto total de las vacaciones<\/strong>. Y armar el presupuesto de <strong>veraneo<\/strong> puede ser dif\u00edcil especialmente si venimos por primera vez a Brasil.<\/p>\n<blockquote><p>\u00bfme conviene alquilar una casa o un <em>apartamento en una pousada<\/em>? \u00bfcuanta plata necesito para estar 10 dias en Florian\u00f3polis? <\/p><\/blockquote>\n<p>Una regla que tenemos es: <\/p>\n<blockquote><p>calcul\u00e1 el valor de los otros gastos  igual al valor del alquiler<\/p><\/blockquote>\n<p><\/span><\/p>\n<p>Una ventaja que tiene reservar es que <em>venis sobre seguro<\/em>. No hay problema en llegar de noche. Se aprovecha m\u00e1s el tiempo, no hay que perder un d\u00eda de playa buscando casa. Es llegar para descansar y empezar a disfrutar de la playa.<\/p>\n<p>Otra ventaja es que <em>el precio tambi\u00e9n puede ser mejor<\/em>; las reservas anticipadas congelan el precio en reales. Es una manera de ahorrar, al pagar el alquiler durante el a\u00f1o es menor el gasto al viajar. Por otra parte llegar a buscar <em>puede tener sus ventajas econ\u00f3micas<\/em>, especialmente si se llega en un momento en que hay menos demanda, se pueden coseguir buenos precios. Pero lo contrario tambi\u00e9n puede ser cierto. Si opt\u00e1s por llegar y buscar, <em>nunca lo hagas de noche<\/em>.<\/p>\n<h3 id=\"cambiodehoy\">\u00bfCu\u00e1nto cuesta alquilar en Florian\u00f3polis, verano 2013?<\/h3>\n<p>El Florian\u00f3polis, como en otras playas, los valores var\u00edan seg\u00fan las fechas. Tenemos 7 valores seg\u00fan esta tabla:<\/p>\n<p>1)  NOVIEMBRE<br \/>\n2)  DICIEMBRE hasta el dia 28\/12\/12<br \/>\n3)  28\/12\/12 al 02\/01\/13 (REVEILLON, paquete de fin de a\u00f1o, cinco d\u00edas)<br \/>\n4)  ENERO<br \/>\n5)  FEBRERO<br \/>\n6)  8\/02\/13 al 13\/02\/13 (Paquete de CARNAVAL,  cinco d\u00edas)<br \/>\n7)  MARZO<\/p>\n<p>A modo de ejemplo veamos los precios de alquilar un <strong><em>apartamento en una pousada<\/em> o una casa simple para una familia tipo de 4 personas<\/strong>. El precio est\u00e1 en reales y deber\u00eda mostrarse tambi\u00e9n el la moneda de tu pais; es posible elegir entre diferentes monedas en el selector de abajo. <\/p>\n<ol class=\"currency\">\n<li>NOVIEMBRE a partir de  R$ <!--LCSTART-->70<!--LCEND--> por d\u00eda<\/li>\n<li>DICIEMBRE hasta el dia 28\/12\/12 a partir de  R$ <!--LCSTART-->80<!--LCEND--> por d\u00eda<\/li>\n<li>28\/12\/12 al 02\/01\/13 (REVEILLON, paquete de fin de a\u00f1o, cinco d\u00edas) a partir de  R$ <!--LCSTART-->1400<!--LCEND--><\/li>\n<li>ENERO a partir de  R$ <!--LCSTART-->150<!--LCEND--> por d\u00eda<\/li>\n<li>FEBRERO a partir de  R$ <!--LCSTART-->130<!--LCEND--> por d\u00eda<\/li>\n<li>8\/02\/13 al 13\/02\/13 (Paquete de CARNAVAL,  cinco d\u00edas) a partir de  R$ <!--LCSTART-->1000<!--LCEND--><\/li>\n<li>MARZO a partir de  R$ <!--LCSTART-->80<!--LCEND--> por d\u00eda<\/li>\n<\/ol>\n<h3>C\u00f3mo reservar un alquiler en Florian\u00f3polis, verano 2013<\/h3>\n<p>Para reservar, el primer paso es que te anotes en el <strong><a href=\"https:\/\/cibersale.com.br\/es\/go\/y\" title=\"News de Alquileres en Floripa\">News de Alquileres<\/a><\/strong>, dejando tu email.<\/p>\n<p>El segundo paso es que definas las fechas y cantidad de personas, tambi\u00e9n es importante saber si vendr\u00e1n en veh\u00edculo o no.<\/p>\n<p>El tercer paso es comunicarte a trav\u00e9z del sitio. Entonces recibir\u00e1s por email el presupuesto y las fotos. para confirmar la reserva se necesita un dep\u00f3sito del 20\/30% del valor total.<br \/>\nListo!!! A revisar los datos de tu reserva en la <a href=\"https:\/\/cibersale.com.br\/huespedes-de-cibersale-ya-reservaron-2013\/\" title=\"Reservas Cibersale 2013\">p\u00e1gina de reservas de Cibersale<\/a>. Las reservas del a\u00f1o pasado <a href=\"https:\/\/cibersale.com.br\/ya-reservaron-2012\/\" title=\"Reservas Cibersale 2013\">est\u00e1n aqu\u00ed<\/a>.<\/p>\n<p><strong>Nota para argentinos:<\/strong> Los precios mostrados son al cambio oficial. Si pagan con tarjeta sumar 20% si compran reales en Brasil sumar 30%.<\/p>\n<p>Por supuesto estamos en contacto para lo que necesiten. <strong>Todo preparado para planear las vacaciones 2013!!!<\/strong><\/p>\n","protected":false},"excerpt":{"rendered":"<p>Por supuesto, el gasto de alquiler, el arriendo del verano, es una parte importante del gasto total de las vacaciones. Y armar el presupuesto de veraneo puede ser dif\u00edcil especialmente si venimos por primera vez a Brasil. \u00bfme conviene alquilar una casa o un apartamento en una pousada? \u00bfcuanta plata necesito para estar 10 dias [&hellip;]<\/p>\n","protected":false},"author":2,"featured_media":0,"parent":0,"menu_order":0,"comment_status":"open","ping_status":"closed","template":"","meta":[],"categories":[],"tags":[],"acf":[],"_links":{"self":[{"href":"https:\/\/cibersale.com.br\/es\/wp-json\/wp\/v2\/pages\/1481"}],"collection":[{"href":"https:\/\/cibersale.com.br\/es\/wp-json\/wp\/v2\/pages"}],"about":[{"href":"https:\/\/cibersale.com.br\/es\/wp-json\/wp\/v2\/types\/page"}],"author":[{"embeddable":true,"href":"https:\/\/cibersale.com.br\/es\/wp-json\/wp\/v2\/users\/2"}],"replies":[{"embeddable":true,"href":"https:\/\/cibersale.com.br\/es\/wp-json\/wp\/v2\/comments?post=1481"}],"version-history":[{"count":1,"href":"https:\/\/cibersale.com.br\/es\/wp-json\/wp\/v2\/pages\/1481\/revisions"}],"predecessor-version":[{"id":1509,"href":"https:\/\/cibersale.com.br\/es\/wp-json\/wp\/v2\/pages\/1481\/revisions\/1509"}],"wp:attachment":[{"href":"https:\/\/cibersale.com.br\/es\/wp-json\/wp\/v2\/media?parent=1481"}],"wp:term":[{"taxonomy":"category","embeddable":true,"href":"https:\/\/cibersale.com.br\/es\/wp-json\/wp\/v2\/categories?post=1481"},{"taxonomy":"post_tag","embeddable":true,"href":"https:\/\/cibersale.com.br\/es\/wp-json\/wp\/v2\/tags?post=1481"}],"curies":[{"name":"wp","href":"https:\/\/api.w.org\/{rel}","templated":true}]}}