{"id":1457,"date":"2012-06-13T22:47:06","date_gmt":"2012-06-14T01:47:06","guid":{"rendered":"https:\/\/cibersale.com.br\/?page_id=1457"},"modified":"2013-05-23T20:39:07","modified_gmt":"2013-05-23T23:39:07","slug":"news_de_cibersale","status":"publish","type":"page","link":"https:\/\/cibersale.com.br\/es\/news_de_cibersale\/","title":{"rendered":"NEWS DE CIBERSALE"},"content":{"rendered":"<p>Hola! Este es el formulario para dejar tu email, si deseas recibir el <strong>Cibersale News<\/strong>:<\/p>\n<div id='wp_email_capture_2' class='wp-email-capture wp-email-capture-display'><form id='wpec_form' class='wpec-class69e079c9af4ec' name='wp_email_capture_display' method='post' action='https:\/\/cibersale.com.br\/'>\n<label class='wp-email-capture-name wp-email-capture-label wp-email-capture-display-worldwide wp-email-capture-name-display wp-email-capture-name-label wp-email-capture-name-label-display' for='wp-email-capture-name-display'>Nombre:<\/label> <input name='wp-email-capture-name' id='wp-email-capture-name-display' type='text' class='wp-email-capture-name wp-email-capture-label wp-email-capture-display-worldwide wp-email-capture-name-display wp-email-capture-name-input wp-email-capture-name-input-display' title='Name' \/><br\/>\n<label class='wp-email-capture-email wp-email-capture-label wp-email-capture-display wp-email-capture-email-display wp-email-capture-email-label wp-email-capture-email-label-display' for='wp-email-capture-email-display'>E-mail:<\/label> <input name='wp-email-capture-email' id='wp-email-capture-email-display' type='text' class='wp-email-capture-email wp-email-capture-input wp-email-capture-display wp-email-capture-email-display wp-email-capture-email-input wp-email-capture-email-input-display' title='Email' \/><br\/>\n<input type='hidden' name='wp_capture_action' value='1' \/>\n<input name='Submit' type='submit' value='Submit' class='wp-email-capture-submit' \/><\/form><\/div>\n\n<h2>\u00bfQu\u00e9 es el Cibersale News 2014?<\/h2>\n<p>Es un <em>newsletter<\/em> que mando generalmente los viernes. La informaci\u00f3n es mayormente sobre Florian\u00f3polis, Brasil. En realidad son dos \u00abNews\u00bb:<\/p>\n<ol>\n<li><strong>El News de los Itinerarios<\/strong><\/li>\n<li><strong>El News de los alquileres<\/strong><\/li>\n<\/ol>\n<p>El primero sirve para planear las actividades durante tu estad\u00eda en Florian\u00f3polis. Esta es la lista de los que ya han sido enviados:<\/p>\n<p>Cada <strong>Cibersale News de Itinerarios<\/strong> tiene el complemento de los <a href=\"http:\/\/mapasdefloripa.cibersale.com.br\/es\/main\">#mapasdefloripa<\/a>.<\/p>\n<p>El Cibersale News de los alquileres, es sobre <em>alquileres en Floripa<\/em>. Van los precios, las ofertas y c\u00f3mo reservar.<\/p>\n<p>Buenos preparativos!!! Estamos en contacto para lo que necesites&#8230;<\/p>\n","protected":false},"excerpt":{"rendered":"<p>Hola! Este es el formulario para dejar tu email, si deseas recibir el Cibersale News: \u00bfQu\u00e9 es el Cibersale News 2014? Es un newsletter que mando generalmente los viernes. La informaci\u00f3n es mayormente sobre Florian\u00f3polis, Brasil. En realidad son dos \u00abNews\u00bb: El News de los Itinerarios El News de los alquileres El primero sirve para [&hellip;]<\/p>\n","protected":false},"author":2,"featured_media":0,"parent":0,"menu_order":0,"comment_status":"open","ping_status":"closed","template":"","meta":[],"categories":[],"tags":[],"acf":[],"_links":{"self":[{"href":"https:\/\/cibersale.com.br\/es\/wp-json\/wp\/v2\/pages\/1457"}],"collection":[{"href":"https:\/\/cibersale.com.br\/es\/wp-json\/wp\/v2\/pages"}],"about":[{"href":"https:\/\/cibersale.com.br\/es\/wp-json\/wp\/v2\/types\/page"}],"author":[{"embeddable":true,"href":"https:\/\/cibersale.com.br\/es\/wp-json\/wp\/v2\/users\/2"}],"replies":[{"embeddable":true,"href":"https:\/\/cibersale.com.br\/es\/wp-json\/wp\/v2\/comments?post=1457"}],"version-history":[{"count":1,"href":"https:\/\/cibersale.com.br\/es\/wp-json\/wp\/v2\/pages\/1457\/revisions"}],"predecessor-version":[{"id":1571,"href":"https:\/\/cibersale.com.br\/es\/wp-json\/wp\/v2\/pages\/1457\/revisions\/1571"}],"wp:attachment":[{"href":"https:\/\/cibersale.com.br\/es\/wp-json\/wp\/v2\/media?parent=1457"}],"wp:term":[{"taxonomy":"category","embeddable":true,"href":"https:\/\/cibersale.com.br\/es\/wp-json\/wp\/v2\/categories?post=1457"},{"taxonomy":"post_tag","embeddable":true,"href":"https:\/\/cibersale.com.br\/es\/wp-json\/wp\/v2\/tags?post=1457"}],"curies":[{"name":"wp","href":"https:\/\/api.w.org\/{rel}","templated":true}]}}