{"id":1199,"date":"2011-11-18T08:27:17","date_gmt":"2011-11-18T11:27:17","guid":{"rendered":"https:\/\/cibersale.com.br\/?page_id=1199"},"modified":"2012-08-09T20:07:17","modified_gmt":"2012-08-09T23:07:17","slug":"disponibilidades-2013-en-barra-da-lagoa","status":"publish","type":"page","link":"https:\/\/cibersale.com.br\/es\/disponibilidades-2013-en-barra-da-lagoa\/","title":{"rendered":"Disponibilidades 2013 en Barra da Lagoa"},"content":{"rendered":"<p><strong>Barra da Lagoa<\/strong> est\u00e1 en el lado Este de la isla de Florian\u00f3polis. Es una playa muy pintoresca, como una aldea de pescadores. Tiene un centro peque\u00f1o pero movimentado, con muchos restaurantes. Las calles son serpenteantes y muy pobladas. El \u00abcanal\u00bb es un r\u00edo natural que conecta el mar con el enorme lago interior de la isla, la <strong>Lagoa da Concep\u00e7\u00e3o<\/strong>. Por este \u00abcanal\u00bb, circulan los barcos de pesca, barcos de paseo y yates personales. Cruzando el \u00abpuente azul\u00bb, se accede a un sector realmente pintoresco al que no se puede llegar en auto, con restaurantes, hosteles y varias \u00abtrillas\u00bb o senderos para recorrer.<\/p>\n<p><img loading=\"lazy\" src=\"https:\/\/cibersale.com.br\/wp-content\/uploads\/Barra-da-Lagoa-dscn0741.jpg\" alt=\"\" title=\"Barra-da-Lagoa-dscn0741\" width=\"530\" height=\"219\" class=\"aligncenter size-full wp-image-1218\" srcset=\"https:\/\/cibersale.com.br\/wp-content\/uploads\/Barra-da-Lagoa-dscn0741.jpg 530w, https:\/\/cibersale.com.br\/wp-content\/uploads\/Barra-da-Lagoa-dscn0741-300x124.jpg 300w\" sizes=\"(max-width: 530px) 100vw, 530px\" \/><\/p>\n<p>La playa es bastante amplia, de unos 2,5 kms y contin\u00faa hacia el norte con la playa de Mozambique. Las olas no son muy altas pero permiten la pr\u00e1ctica de surf, incluso hay escuelas de surf. El agua es tibia y agradable.<\/p>\n<h2>Alquileres disponibles en Barra da Lagoa 2012<\/h2>\n<p><\/p>\n<p>Las <strong>disponibilidades de alquileres en Barra da Lagoa 2012<\/strong> incluyen tambi\u00e9n las de <strong>playa Mole<\/strong> por estar muy cerca una de la otra. En color gris se muestran las disponibilidades.<\/p>\n<h3>Para dos o tres personas &#8211; cerca de la playa<\/h3>\n<p><iframe loading=\"lazy\" width=\"522px\" height=\"240px\" scrolling=\"no\" src=\"https:\/\/cibersale.com.br\/es\/reservas\/calendario.php?id_item=65&#038;lang=es\"><\/iframe><br \/>\n<iframe loading=\"lazy\" width=\"522px\" height=\"240px\" scrolling=\"no\" src=\"https:\/\/cibersale.com.br\/es\/reservas\/calendario.php?id_item=66&#038;lang=es\"><\/iframe><br \/>\n<iframe loading=\"lazy\" width=\"522px\" height=\"240px\" scrolling=\"no\" src=\"https:\/\/cibersale.com.br\/es\/reservas\/calendario.php?id_item=68&#038;lang=es\"><\/iframe><br \/>\n<iframe loading=\"lazy\" width=\"522px\" height=\"240px\" scrolling=\"no\" src=\"https:\/\/cibersale.com.br\/es\/reservas\/calendario.php?id_item=69&#038;lang=es\"><\/iframe><br \/>\n<iframe loading=\"lazy\" width=\"522px\" height=\"240px\" scrolling=\"no\" src=\"https:\/\/cibersale.com.br\/es\/reservas\/calendario.php?id_item=70&#038;lang=es\"><\/iframe><br \/>\n<iframe loading=\"lazy\" width=\"522px\" height=\"240px\" scrolling=\"no\" src=\"https:\/\/cibersale.com.br\/es\/reservas\/calendario.php?id_item=71&#038;lang=es\"><\/iframe><br \/>\n<iframe loading=\"lazy\" width=\"522px\" height=\"240px\" scrolling=\"no\" src=\"https:\/\/cibersale.com.br\/es\/reservas\/calendario.php?id_item=15&#038;lang=es\"><\/iframe><br \/>\n<iframe loading=\"lazy\" width=\"522px\" height=\"240px\" scrolling=\"no\" src=\"https:\/\/cibersale.com.br\/es\/reservas\/calendario.php?id_item=16&#038;lang=es\"><\/iframe><br \/>\n<iframe loading=\"lazy\" width=\"522px\" height=\"240px\" scrolling=\"no\" src=\"https:\/\/cibersale.com.br\/es\/reservas\/calendario.php?id_item=19&#038;lang=es\"><\/iframe><br \/>\n<iframe loading=\"lazy\" width=\"522px\" height=\"240px\" scrolling=\"no\" src=\"https:\/\/cibersale.com.br\/es\/reservas\/calendario.php?id_item=73&#038;lang=es\"><\/iframe><br \/>\n<iframe loading=\"lazy\" width=\"522px\" height=\"240px\" scrolling=\"no\" src=\"https:\/\/cibersale.com.br\/es\/reservas\/calendario.php?id_item=76&#038;lang=es\"><\/iframe><\/p>\n<h3>Para dos o tres personas &#8211; a 10\/12 cuadras de la playa<\/h3>\n<p><iframe loading=\"lazy\" width=\"522px\" height=\"240px\" scrolling=\"no\" src=\"https:\/\/cibersale.com.br\/es\/reservas\/calendario.php?id_item=5&#038;lang=es\"><\/iframe><br \/>\n<iframe loading=\"lazy\" width=\"522px\" height=\"240px\" scrolling=\"no\" src=\"https:\/\/cibersale.com.br\/es\/reservas\/calendario.php?id_item=6&#038;lang=es\"><\/iframe><br \/>\n<iframe loading=\"lazy\" width=\"522px\" height=\"240px\" scrolling=\"no\" src=\"https:\/\/cibersale.com.br\/es\/reservas\/calendario.php?id_item=24&#038;lang=es\"><\/iframe><br \/>\n<iframe loading=\"lazy\" width=\"522px\" height=\"240px\" scrolling=\"no\" src=\"https:\/\/cibersale.com.br\/es\/reservas\/calendario.php?id_item=25&#038;lang=es\"><\/iframe><br \/>\n<iframe loading=\"lazy\" width=\"522px\" height=\"240px\" scrolling=\"no\" src=\"https:\/\/cibersale.com.br\/es\/reservas\/calendario.php?id_item=26&#038;lang=es\"><\/iframe><br \/>\n<iframe loading=\"lazy\" width=\"522px\" height=\"240px\" scrolling=\"no\" src=\"https:\/\/cibersale.com.br\/es\/reservas\/calendario.php?id_item=64&#038;lang=es\"><\/iframe><br \/>\n<iframe loading=\"lazy\" width=\"522px\" height=\"240px\" scrolling=\"no\" src=\"https:\/\/cibersale.com.br\/es\/reservas\/calendario.php?id_item=20&#038;lang=es\"><\/iframe><br \/>\n<iframe loading=\"lazy\" width=\"522px\" height=\"240px\" scrolling=\"no\" src=\"https:\/\/cibersale.com.br\/es\/reservas\/calendario.php?id_item=21&#038;lang=es\"><\/iframe><br \/>\n<iframe loading=\"lazy\" width=\"522px\" height=\"240px\" scrolling=\"no\" src=\"https:\/\/cibersale.com.br\/es\/reservas\/calendario.php?id_item=22&#038;lang=es\"><\/iframe><\/p>\n<h3>Para cuatro o cinco personas &#8211; cerca de la playa<\/h3>\n<p><iframe loading=\"lazy\" width=\"522px\" height=\"240px\" scrolling=\"no\" src=\"https:\/\/cibersale.com.br\/es\/reservas\/calendario.php?id_item=14&#038;lang=es\"><\/iframe><br \/>\n<iframe loading=\"lazy\" width=\"522px\" height=\"240px\" scrolling=\"no\" src=\"https:\/\/cibersale.com.br\/es\/reservas\/calendario.php?id_item=17&#038;lang=es\"><\/iframe><br \/>\n<iframe loading=\"lazy\" width=\"522px\" height=\"240px\" scrolling=\"no\" src=\"https:\/\/cibersale.com.br\/es\/reservas\/calendario.php?id_item=67&#038;lang=es\"><\/iframe><br \/>\n<iframe loading=\"lazy\" width=\"522px\" height=\"240px\" scrolling=\"no\" src=\"https:\/\/cibersale.com.br\/es\/reservas\/calendario.php?id_item=74&#038;lang=es\"><\/iframe><br \/>\n<iframe loading=\"lazy\" width=\"522px\" height=\"240px\" scrolling=\"no\" src=\"https:\/\/cibersale.com.br\/es\/reservas\/calendario.php?id_item=75&#038;lang=es\"><\/iframe><br \/>\n<iframe loading=\"lazy\" width=\"522px\" height=\"240px\" scrolling=\"no\" src=\"https:\/\/cibersale.com.br\/es\/reservas\/calendario.php?id_item=77&#038;lang=es\"><\/iframe><br \/>\n<iframe loading=\"lazy\" width=\"522px\" height=\"240px\" scrolling=\"no\" src=\"https:\/\/cibersale.com.br\/es\/reservas\/calendario.php?id_item=80&#038;lang=es\"><\/iframe><\/p>\n<h3>Para seis hasta nueve personas &#8211; cerca de la playa<\/h3>\n<p><iframe loading=\"lazy\" width=\"522px\" height=\"240px\" scrolling=\"no\" src=\"https:\/\/cibersale.com.br\/es\/reservas\/calendario.php?id_item=18&#038;lang=es\"><\/iframe><\/p>\n<h3>Para cuatro o cinco personas (hasta seis) &#8211; a 10\/12 cuadras de la playa<\/h3>\n<p><iframe loading=\"lazy\" width=\"522px\" height=\"240px\" scrolling=\"no\" src=\"https:\/\/cibersale.com.br\/es\/reservas\/calendario.php?id_item=12&#038;lang=es\"><\/iframe><br \/>\n<iframe loading=\"lazy\" width=\"522px\" height=\"240px\" scrolling=\"no\" src=\"https:\/\/cibersale.com.br\/es\/reservas\/calendario.php?id_item=81&#038;lang=es\"><\/iframe><br \/>\n<iframe loading=\"lazy\" width=\"522px\" height=\"240px\" scrolling=\"no\" src=\"https:\/\/cibersale.com.br\/es\/reservas\/calendario.php?id_item=82&#038;lang=es\"><\/iframe><br \/>\n<iframe loading=\"lazy\" width=\"522px\" height=\"240px\" scrolling=\"no\" src=\"https:\/\/cibersale.com.br\/es\/reservas\/calendario.php?id_item=7&#038;lang=es\"><\/iframe><br \/>\n<iframe loading=\"lazy\" width=\"522px\" height=\"240px\" scrolling=\"no\" src=\"https:\/\/cibersale.com.br\/es\/reservas\/calendario.php?id_item=8&#038;lang=es\"><\/iframe><br \/>\n<iframe loading=\"lazy\" width=\"522px\" height=\"240px\" scrolling=\"no\" src=\"https:\/\/cibersale.com.br\/es\/reservas\/calendario.php?id_item=9&#038;lang=es\"><\/iframe><br \/>\n<iframe loading=\"lazy\" width=\"522px\" height=\"240px\" scrolling=\"no\" src=\"https:\/\/cibersale.com.br\/es\/reservas\/calendario.php?id_item=10&#038;lang=es\"><\/iframe><br \/>\n<iframe loading=\"lazy\" width=\"522px\" height=\"240px\" scrolling=\"no\" src=\"https:\/\/cibersale.com.br\/es\/reservas\/calendario.php?id_item=11&#038;lang=es\"><\/iframe><br \/>\n<iframe loading=\"lazy\" width=\"522px\" height=\"240px\" scrolling=\"no\" src=\"https:\/\/cibersale.com.br\/es\/reservas\/calendario.php?id_item=23&#038;lang=es\"><\/iframe><\/p>\n","protected":false},"excerpt":{"rendered":"<p>Barra da Lagoa est\u00e1 en el lado Este de la isla de Florian\u00f3polis. Es una playa muy pintoresca, como una aldea de pescadores. Tiene un centro peque\u00f1o pero movimentado, con muchos restaurantes. Las calles son serpenteantes y muy pobladas. El \u00abcanal\u00bb es un r\u00edo natural que conecta el mar con el enorme lago interior de [&hellip;]<\/p>\n","protected":false},"author":2,"featured_media":0,"parent":0,"menu_order":0,"comment_status":"open","ping_status":"open","template":"","meta":[],"categories":[],"tags":[],"acf":[],"_links":{"self":[{"href":"https:\/\/cibersale.com.br\/es\/wp-json\/wp\/v2\/pages\/1199"}],"collection":[{"href":"https:\/\/cibersale.com.br\/es\/wp-json\/wp\/v2\/pages"}],"about":[{"href":"https:\/\/cibersale.com.br\/es\/wp-json\/wp\/v2\/types\/page"}],"author":[{"embeddable":true,"href":"https:\/\/cibersale.com.br\/es\/wp-json\/wp\/v2\/users\/2"}],"replies":[{"embeddable":true,"href":"https:\/\/cibersale.com.br\/es\/wp-json\/wp\/v2\/comments?post=1199"}],"version-history":[{"count":0,"href":"https:\/\/cibersale.com.br\/es\/wp-json\/wp\/v2\/pages\/1199\/revisions"}],"wp:attachment":[{"href":"https:\/\/cibersale.com.br\/es\/wp-json\/wp\/v2\/media?parent=1199"}],"wp:term":[{"taxonomy":"category","embeddable":true,"href":"https:\/\/cibersale.com.br\/es\/wp-json\/wp\/v2\/categories?post=1199"},{"taxonomy":"post_tag","embeddable":true,"href":"https:\/\/cibersale.com.br\/es\/wp-json\/wp\/v2\/tags?post=1199"}],"curies":[{"name":"wp","href":"https:\/\/api.w.org\/{rel}","templated":true}]}}