{"id":104,"date":"2008-12-30T10:23:28","date_gmt":"2008-12-30T13:23:28","guid":{"rendered":"https:\/\/cibersale.com.br\/?page_id=104"},"modified":"2011-10-07T23:25:05","modified_gmt":"2011-10-08T02:25:05","slug":"para-estar-comunicados","status":"publish","type":"page","link":"https:\/\/cibersale.com.br\/es\/para-estar-comunicados\/","title":{"rendered":"Contacto"},"content":{"rendered":"<div style=\"text-align: center; font-size: 1.2em;\">\n<p><span style=\"font-weight: bold; color: #ff3300;\">El mejor horario de atenci\u00f3n por tel\u00e9fono es:<\/span><span style=\"font-weight: bold; color: black;\"> 8 a 12 y 14 a 18 (GMT -2)<\/span><\/p>\n<p><span style=\"font-weight: bold;\">+55 48 3269-1986<\/span><\/p>\n<p><span style=\"font-weight: bold;\">Mensajes al celular:<\/span><br \/>\n<span style=\"font-weight: bold;\">+55 48 8836-9632<\/span><br \/>\n<span style=\"font-weight: bold;\">+55 48 9941-4263<\/span><\/p>\n<p><span style=\"font-weight: bold;\">Mensajes al celular de argentina:<\/span><br \/>\n<span style=\"font-weight: bold;\">0299 15 4049180<\/span><\/p>\n<\/div>\n<p>Tambi\u00e9n puedes seguirnos en <a href=\"http:\/\/twitter.com\/cibersale\">Twitter<\/a> o en <a href=\"http:\/\/www.facebook.com\/cibersale\">Facebook<\/a><\/p>\n<div align=\"center\">\n<figure id=\"attachment_744\" aria-describedby=\"caption-attachment-744\" style=\"width: 240px\" class=\"wp-caption aligncenter\"><a href=\"https:\/\/cibersale.com.br\/wp-content\/uploads\/cibersale-team-2009.jpg\"><img loading=\"lazy\" class=\"size-full wp-image-744\" title=\"Cibersale Team - 2009\" src=\"https:\/\/cibersale.com.br\/wp-content\/uploads\/cibersale-team-2009.jpg\" alt=\"Cibersale Team - 2009\" width=\"240\" height=\"240\" srcset=\"https:\/\/cibersale.com.br\/wp-content\/uploads\/cibersale-team-2009.jpg 240w, https:\/\/cibersale.com.br\/wp-content\/uploads\/cibersale-team-2009-150x150.jpg 150w, https:\/\/cibersale.com.br\/wp-content\/uploads\/cibersale-team-2009-210x210.jpg 210w\" sizes=\"(max-width: 240px) 100vw, 240px\" \/><\/a><figcaption id=\"caption-attachment-744\" class=\"wp-caption-text\">Cibersale Team - 2009<\/figcaption><\/figure>\n<\/div>\n<hr \/>\n<h3>\u00a1Hola!<\/h3>\n<p>Hace varios a\u00f1os que disfrutamos de conocer lugares y gentes.<\/p>\n<p>Desde el 2009 vivimos en Florian\u00f3polis, una isla maravillosa con gente hospitalaria y honesta.<\/p>\n<p>Aunque nuestro trabajo tiene que ver con el dise\u00f1o gr\u00e1fico, programaci\u00f3n, Google y campa\u00f1as, nos encanta buscar lugares, posibilidades, actividades que se puedan realizar de manera econ\u00f3mica. Por eso aqu\u00ed tienes la oportunidad de hacernos preguntas sobre cuestiones de alquiler, paseos, campings, hoteles, precios&#8230;<\/p>\n<h3>Como funciona<\/h3>\n<p><a title=\"formulario\" href=\"https:\/\/cibersale.com.br\/para-estar-comunicados\/#respond\"><strong>Dejanos tu email mediante un comentario o pregunta en el formulario de abajo<\/strong>. <\/a>Trataremos de contestar cualquier pregunta via e-mail o trav\u00e9s de un post aqu\u00ed mismo en el sitio de <strong>cibersale.com.br\/es<\/strong><\/p>\n<h3>Privacidad y pol\u00edticas de uso<\/h3>\n<ol>\n<li>Apreciamos tu confianza de enviarnos tu e-mail para comunicarnos, nosotros nos comprometemos a no compartirlo con nadie mas.<\/li>\n<li>Como conseguimos informaci\u00f3n que te puede interesar, cada 15 d\u00edas aproximadamente estamos mandando un email con los datos nuevos.<\/li>\n<li>Aunque no nos responsabilizamos de cada actividad o alquiler que recomendamos, tratamos de asegurarnos lo mejor posible de que sean lugares seguros, limpios y de la honradez de sus propietarios.<\/li>\n<\/ol>\n<p>Es un placer estar en contacto \ud83d\ude42 !<\/p>\n","protected":false},"excerpt":{"rendered":"<p>El mejor horario de atenci\u00f3n por tel\u00e9fono es: 8 a 12 y 14 a 18 (GMT -2) +55 48 3269-1986 Mensajes al celular: +55 48 8836-9632 +55 48 9941-4263 Mensajes al celular de argentina: 0299 15 4049180 Tambi\u00e9n puedes seguirnos en Twitter o en Facebook \u00a1Hola! Hace varios a\u00f1os que disfrutamos de conocer lugares y [&hellip;]<\/p>\n","protected":false},"author":2,"featured_media":0,"parent":0,"menu_order":3,"comment_status":"open","ping_status":"closed","template":"","meta":[],"categories":[1],"tags":[],"acf":[],"_links":{"self":[{"href":"https:\/\/cibersale.com.br\/es\/wp-json\/wp\/v2\/pages\/104"}],"collection":[{"href":"https:\/\/cibersale.com.br\/es\/wp-json\/wp\/v2\/pages"}],"about":[{"href":"https:\/\/cibersale.com.br\/es\/wp-json\/wp\/v2\/types\/page"}],"author":[{"embeddable":true,"href":"https:\/\/cibersale.com.br\/es\/wp-json\/wp\/v2\/users\/2"}],"replies":[{"embeddable":true,"href":"https:\/\/cibersale.com.br\/es\/wp-json\/wp\/v2\/comments?post=104"}],"version-history":[{"count":0,"href":"https:\/\/cibersale.com.br\/es\/wp-json\/wp\/v2\/pages\/104\/revisions"}],"wp:attachment":[{"href":"https:\/\/cibersale.com.br\/es\/wp-json\/wp\/v2\/media?parent=104"}],"wp:term":[{"taxonomy":"category","embeddable":true,"href":"https:\/\/cibersale.com.br\/es\/wp-json\/wp\/v2\/categories?post=104"},{"taxonomy":"post_tag","embeddable":true,"href":"https:\/\/cibersale.com.br\/es\/wp-json\/wp\/v2\/tags?post=104"}],"curies":[{"name":"wp","href":"https:\/\/api.w.org\/{rel}","templated":true}]}}